{"id":84,"date":"2019-02-11T08:43:17","date_gmt":"2019-02-11T08:43:17","guid":{"rendered":"http:\/\/guardeduendesyhadas.com\/?page_id=84"},"modified":"2019-02-21T20:17:51","modified_gmt":"2019-02-21T20:17:51","slug":"comedor-2","status":"publish","type":"page","link":"https:\/\/guardeduendesyhadas.com\/?page_id=84","title":{"rendered":"Comedor"},"content":{"rendered":"\n<p>Organizado y limpio. Mesas para los mayores y tronas para los m\u00e1s peque\u00f1os.  Luz natural, ventilaci\u00f3n, barra de apoyo, etc. Todo listo para que la hora del almuerzo sea lo m\u00e1s divertida y relajada posible.<\/p>\n\n\n\n<p><code><div id=\"envira-gallery-wrap-202\" class=\"envira-gallery-wrap envira-gallery-theme-base envira-lightbox-theme-base\" itemscope itemtype=\"https:\/\/schema.org\/ImageGallery\"><div data-row-height=\"\" data-gallery-theme=\"\" id=\"envira-gallery-202\" class=\"envira-gallery-public  envira-gallery-3-columns envira-clear enviratope envira-gallery-css-animations\" data-envira-columns=\"3\"><div id=\"envira-gallery-item-205\" class=\"envira-gallery-item enviratope-item envira-gallery-item-1 envira-lazy-load\" style=\"padding-left: 10px; padding-bottom: 25px; padding-right: 10px;\"  itemscope itemtype=\"https:\/\/schema.org\/ImageObject\"><div class=\"envira-gallery-item-inner\"><div class=\"envira-gallery-position-overlay  envira-gallery-top-left\"><\/div><div class=\"envira-gallery-position-overlay  envira-gallery-top-right\"><\/div><div class=\"envira-gallery-position-overlay  envira-gallery-bottom-left\"><\/div><div class=\"envira-gallery-position-overlay  envira-gallery-bottom-right\"><\/div><a href=\"https:\/\/guardeduendesyhadas.com\/wp-content\/uploads\/2019\/02\/IMG_4518.jpg\" class=\"envira-gallery-202 envira-gallery-link\" rel=\"enviragallery202\" title=\"IMG_4518\" data-envira-caption=\"IMG_4518\" data-envira-retina=\"\" data-thumbnail=\"\"  itemprop=\"contentUrl\"><div class=\"envira-lazy\" data-test-width=\"640\" data-test-height=\"480\" style=\"padding-bottom:75%;\"><img decoding=\"async\" id=\"envira-gallery-image-205\" class=\"envira-gallery-image envira-gallery-image-1\" data-envira-index=\"1\" src=\"https:\/\/guardeduendesyhadas.com\/wp-content\/uploads\/2019\/02\/IMG_4518.jpg\" data-envira-src=\"https:\/\/guardeduendesyhadas.com\/wp-content\/uploads\/2019\/02\/IMG_4518.jpg\" data-envira-gallery-id=\"202\" data-envira-item-id=\"205\" data-envira-caption=\"IMG_4518\" alt=\"\" title=\"IMG_4518\"  itemprop=\"thumbnailUrl\" data-envira-srcset=\"https:\/\/guardeduendesyhadas.com\/wp-content\/uploads\/2019\/02\/IMG_4518.jpg 400w,https:\/\/guardeduendesyhadas.com\/wp-content\/uploads\/2019\/02\/IMG_4518.jpg 2x\" srcset=\"data:image\/gif;base64,R0lGODlhAQABAIAAAP\/\/\/\/\/\/\/yH5BAEKAAEALAAAAAABAAEAAAICTAEAOw==\" \/><\/div><\/a><\/div><\/div><div id=\"envira-gallery-item-207\" class=\"envira-gallery-item enviratope-item envira-gallery-item-2 envira-lazy-load\" style=\"padding-left: 10px; padding-bottom: 25px; padding-right: 10px;\"  itemscope itemtype=\"https:\/\/schema.org\/ImageObject\"><div class=\"envira-gallery-item-inner\"><div class=\"envira-gallery-position-overlay  envira-gallery-top-left\"><\/div><div class=\"envira-gallery-position-overlay  envira-gallery-top-right\"><\/div><div class=\"envira-gallery-position-overlay  envira-gallery-bottom-left\"><\/div><div class=\"envira-gallery-position-overlay  envira-gallery-bottom-right\"><\/div><a href=\"https:\/\/guardeduendesyhadas.com\/wp-content\/uploads\/2019\/02\/IMG_4520.jpg\" class=\"envira-gallery-202 envira-gallery-link\" rel=\"enviragallery202\" title=\"IMG_4520\" data-envira-caption=\"IMG_4520\" data-envira-retina=\"\" data-thumbnail=\"\"  itemprop=\"contentUrl\"><div class=\"envira-lazy\" data-test-width=\"640\" data-test-height=\"480\" style=\"padding-bottom:75%;\"><img decoding=\"async\" id=\"envira-gallery-image-207\" class=\"envira-gallery-image envira-gallery-image-2\" data-envira-index=\"2\" src=\"https:\/\/guardeduendesyhadas.com\/wp-content\/uploads\/2019\/02\/IMG_4520.jpg\" data-envira-src=\"https:\/\/guardeduendesyhadas.com\/wp-content\/uploads\/2019\/02\/IMG_4520.jpg\" data-envira-gallery-id=\"202\" data-envira-item-id=\"207\" data-envira-caption=\"IMG_4520\" alt=\"\" title=\"IMG_4520\"  itemprop=\"thumbnailUrl\" data-envira-srcset=\"https:\/\/guardeduendesyhadas.com\/wp-content\/uploads\/2019\/02\/IMG_4520.jpg 400w,https:\/\/guardeduendesyhadas.com\/wp-content\/uploads\/2019\/02\/IMG_4520.jpg 2x\" srcset=\"data:image\/gif;base64,R0lGODlhAQABAIAAAP\/\/\/\/\/\/\/yH5BAEKAAEALAAAAAABAAEAAAICTAEAOw==\" \/><\/div><\/a><\/div><\/div><div id=\"envira-gallery-item-208\" class=\"envira-gallery-item enviratope-item envira-gallery-item-3 envira-lazy-load\" style=\"padding-left: 10px; padding-bottom: 25px; padding-right: 10px;\"  itemscope itemtype=\"https:\/\/schema.org\/ImageObject\"><div class=\"envira-gallery-item-inner\"><div class=\"envira-gallery-position-overlay  envira-gallery-top-left\"><\/div><div class=\"envira-gallery-position-overlay  envira-gallery-top-right\"><\/div><div class=\"envira-gallery-position-overlay  envira-gallery-bottom-left\"><\/div><div class=\"envira-gallery-position-overlay  envira-gallery-bottom-right\"><\/div><a href=\"https:\/\/guardeduendesyhadas.com\/wp-content\/uploads\/2019\/02\/IMG_4521.jpg\" class=\"envira-gallery-202 envira-gallery-link\" rel=\"enviragallery202\" title=\"IMG_4521\" data-envira-caption=\"IMG_4521\" data-envira-retina=\"\" data-thumbnail=\"\"  itemprop=\"contentUrl\"><div class=\"envira-lazy\" data-test-width=\"640\" data-test-height=\"480\" style=\"padding-bottom:75%;\"><img decoding=\"async\" id=\"envira-gallery-image-208\" class=\"envira-gallery-image envira-gallery-image-3\" data-envira-index=\"3\" src=\"https:\/\/guardeduendesyhadas.com\/wp-content\/uploads\/2019\/02\/IMG_4521.jpg\" data-envira-src=\"https:\/\/guardeduendesyhadas.com\/wp-content\/uploads\/2019\/02\/IMG_4521.jpg\" data-envira-gallery-id=\"202\" data-envira-item-id=\"208\" data-envira-caption=\"IMG_4521\" alt=\"\" title=\"IMG_4521\"  itemprop=\"thumbnailUrl\" data-envira-srcset=\"https:\/\/guardeduendesyhadas.com\/wp-content\/uploads\/2019\/02\/IMG_4521.jpg 400w,https:\/\/guardeduendesyhadas.com\/wp-content\/uploads\/2019\/02\/IMG_4521.jpg 2x\" srcset=\"data:image\/gif;base64,R0lGODlhAQABAIAAAP\/\/\/\/\/\/\/yH5BAEKAAEALAAAAAABAAEAAAICTAEAOw==\" \/><\/div><\/a><\/div><\/div><div id=\"envira-gallery-item-209\" class=\"envira-gallery-item enviratope-item envira-gallery-item-4 envira-lazy-load\" style=\"padding-left: 10px; padding-bottom: 25px; padding-right: 10px;\"  itemscope itemtype=\"https:\/\/schema.org\/ImageObject\"><div class=\"envira-gallery-item-inner\"><div class=\"envira-gallery-position-overlay  envira-gallery-top-left\"><\/div><div class=\"envira-gallery-position-overlay  envira-gallery-top-right\"><\/div><div class=\"envira-gallery-position-overlay  envira-gallery-bottom-left\"><\/div><div class=\"envira-gallery-position-overlay  envira-gallery-bottom-right\"><\/div><a href=\"https:\/\/guardeduendesyhadas.com\/wp-content\/uploads\/2019\/02\/IMG_4522.jpg\" class=\"envira-gallery-202 envira-gallery-link\" rel=\"enviragallery202\" title=\"IMG_4522\" data-envira-caption=\"IMG_4522\" data-envira-retina=\"\" data-thumbnail=\"\"  itemprop=\"contentUrl\"><div class=\"envira-lazy\" data-test-width=\"640\" data-test-height=\"480\" style=\"padding-bottom:75%;\"><img decoding=\"async\" id=\"envira-gallery-image-209\" class=\"envira-gallery-image envira-gallery-image-4\" data-envira-index=\"4\" src=\"https:\/\/guardeduendesyhadas.com\/wp-content\/uploads\/2019\/02\/IMG_4522.jpg\" data-envira-src=\"https:\/\/guardeduendesyhadas.com\/wp-content\/uploads\/2019\/02\/IMG_4522.jpg\" data-envira-gallery-id=\"202\" data-envira-item-id=\"209\" data-envira-caption=\"IMG_4522\" alt=\"\" title=\"IMG_4522\"  itemprop=\"thumbnailUrl\" data-envira-srcset=\"https:\/\/guardeduendesyhadas.com\/wp-content\/uploads\/2019\/02\/IMG_4522.jpg 400w,https:\/\/guardeduendesyhadas.com\/wp-content\/uploads\/2019\/02\/IMG_4522.jpg 2x\" srcset=\"data:image\/gif;base64,R0lGODlhAQABAIAAAP\/\/\/\/\/\/\/yH5BAEKAAEALAAAAAABAAEAAAICTAEAOw==\" \/><\/div><\/a><\/div><\/div><div id=\"envira-gallery-item-211\" class=\"envira-gallery-item enviratope-item envira-gallery-item-5 envira-lazy-load\" style=\"padding-left: 10px; padding-bottom: 25px; padding-right: 10px;\"  itemscope itemtype=\"https:\/\/schema.org\/ImageObject\"><div class=\"envira-gallery-item-inner\"><div class=\"envira-gallery-position-overlay  envira-gallery-top-left\"><\/div><div class=\"envira-gallery-position-overlay  envira-gallery-top-right\"><\/div><div class=\"envira-gallery-position-overlay  envira-gallery-bottom-left\"><\/div><div class=\"envira-gallery-position-overlay  envira-gallery-bottom-right\"><\/div><a href=\"https:\/\/guardeduendesyhadas.com\/wp-content\/uploads\/2019\/02\/IMG_4526.jpg\" class=\"envira-gallery-202 envira-gallery-link\" rel=\"enviragallery202\" title=\"IMG_4526\" data-envira-caption=\"IMG_4526\" data-envira-retina=\"\" data-thumbnail=\"\"  itemprop=\"contentUrl\"><div class=\"envira-lazy\" data-test-width=\"640\" data-test-height=\"480\" style=\"padding-bottom:75%;\"><img decoding=\"async\" id=\"envira-gallery-image-211\" class=\"envira-gallery-image envira-gallery-image-5\" data-envira-index=\"5\" src=\"https:\/\/guardeduendesyhadas.com\/wp-content\/uploads\/2019\/02\/IMG_4526.jpg\" data-envira-src=\"https:\/\/guardeduendesyhadas.com\/wp-content\/uploads\/2019\/02\/IMG_4526.jpg\" data-envira-gallery-id=\"202\" data-envira-item-id=\"211\" data-envira-caption=\"IMG_4526\" alt=\"\" title=\"IMG_4526\"  itemprop=\"thumbnailUrl\" data-envira-srcset=\"https:\/\/guardeduendesyhadas.com\/wp-content\/uploads\/2019\/02\/IMG_4526.jpg 400w,https:\/\/guardeduendesyhadas.com\/wp-content\/uploads\/2019\/02\/IMG_4526.jpg 2x\" srcset=\"data:image\/gif;base64,R0lGODlhAQABAIAAAP\/\/\/\/\/\/\/yH5BAEKAAEALAAAAAABAAEAAAICTAEAOw==\" \/><\/div><\/a><\/div><\/div><div id=\"envira-gallery-item-212\" class=\"envira-gallery-item enviratope-item envira-gallery-item-6 envira-lazy-load\" style=\"padding-left: 10px; padding-bottom: 25px; padding-right: 10px;\"  itemscope itemtype=\"https:\/\/schema.org\/ImageObject\"><div class=\"envira-gallery-item-inner\"><div class=\"envira-gallery-position-overlay  envira-gallery-top-left\"><\/div><div class=\"envira-gallery-position-overlay  envira-gallery-top-right\"><\/div><div class=\"envira-gallery-position-overlay  envira-gallery-bottom-left\"><\/div><div class=\"envira-gallery-position-overlay  envira-gallery-bottom-right\"><\/div><a href=\"https:\/\/guardeduendesyhadas.com\/wp-content\/uploads\/2019\/02\/IMG_4527.jpg\" class=\"envira-gallery-202 envira-gallery-link\" rel=\"enviragallery202\" title=\"IMG_4527\" data-envira-caption=\"IMG_4527\" data-envira-retina=\"\" data-thumbnail=\"\"  itemprop=\"contentUrl\"><div class=\"envira-lazy\" data-test-width=\"640\" data-test-height=\"480\" style=\"padding-bottom:75%;\"><img decoding=\"async\" id=\"envira-gallery-image-212\" class=\"envira-gallery-image envira-gallery-image-6\" data-envira-index=\"6\" src=\"https:\/\/guardeduendesyhadas.com\/wp-content\/uploads\/2019\/02\/IMG_4527.jpg\" data-envira-src=\"https:\/\/guardeduendesyhadas.com\/wp-content\/uploads\/2019\/02\/IMG_4527.jpg\" data-envira-gallery-id=\"202\" data-envira-item-id=\"212\" data-envira-caption=\"IMG_4527\" alt=\"\" title=\"IMG_4527\"  itemprop=\"thumbnailUrl\" data-envira-srcset=\"https:\/\/guardeduendesyhadas.com\/wp-content\/uploads\/2019\/02\/IMG_4527.jpg 400w,https:\/\/guardeduendesyhadas.com\/wp-content\/uploads\/2019\/02\/IMG_4527.jpg 2x\" srcset=\"data:image\/gif;base64,R0lGODlhAQABAIAAAP\/\/\/\/\/\/\/yH5BAEKAAEALAAAAAABAAEAAAICTAEAOw==\" \/><\/div><\/a><\/div><\/div><div id=\"envira-gallery-item-214\" class=\"envira-gallery-item enviratope-item envira-gallery-item-7 envira-lazy-load\" style=\"padding-left: 10px; padding-bottom: 25px; padding-right: 10px;\"  itemscope itemtype=\"https:\/\/schema.org\/ImageObject\"><div class=\"envira-gallery-item-inner\"><div class=\"envira-gallery-position-overlay  envira-gallery-top-left\"><\/div><div class=\"envira-gallery-position-overlay  envira-gallery-top-right\"><\/div><div class=\"envira-gallery-position-overlay  envira-gallery-bottom-left\"><\/div><div class=\"envira-gallery-position-overlay  envira-gallery-bottom-right\"><\/div><a href=\"https:\/\/guardeduendesyhadas.com\/wp-content\/uploads\/2019\/02\/IMG_4529.jpg\" class=\"envira-gallery-202 envira-gallery-link\" rel=\"enviragallery202\" title=\"IMG_4529\" data-envira-caption=\"IMG_4529\" data-envira-retina=\"\" data-thumbnail=\"\"  itemprop=\"contentUrl\"><div class=\"envira-lazy\" data-test-width=\"640\" data-test-height=\"480\" style=\"padding-bottom:75%;\"><img decoding=\"async\" id=\"envira-gallery-image-214\" class=\"envira-gallery-image envira-gallery-image-7\" data-envira-index=\"7\" src=\"https:\/\/guardeduendesyhadas.com\/wp-content\/uploads\/2019\/02\/IMG_4529.jpg\" data-envira-src=\"https:\/\/guardeduendesyhadas.com\/wp-content\/uploads\/2019\/02\/IMG_4529.jpg\" data-envira-gallery-id=\"202\" data-envira-item-id=\"214\" data-envira-caption=\"IMG_4529\" alt=\"\" title=\"IMG_4529\"  itemprop=\"thumbnailUrl\" data-envira-srcset=\"https:\/\/guardeduendesyhadas.com\/wp-content\/uploads\/2019\/02\/IMG_4529.jpg 400w,https:\/\/guardeduendesyhadas.com\/wp-content\/uploads\/2019\/02\/IMG_4529.jpg 2x\" srcset=\"data:image\/gif;base64,R0lGODlhAQABAIAAAP\/\/\/\/\/\/\/yH5BAEKAAEALAAAAAABAAEAAAICTAEAOw==\" \/><\/div><\/a><\/div><\/div><div id=\"envira-gallery-item-215\" class=\"envira-gallery-item enviratope-item envira-gallery-item-8 envira-lazy-load\" style=\"padding-left: 10px; padding-bottom: 25px; padding-right: 10px;\"  itemscope itemtype=\"https:\/\/schema.org\/ImageObject\"><div class=\"envira-gallery-item-inner\"><div class=\"envira-gallery-position-overlay  envira-gallery-top-left\"><\/div><div class=\"envira-gallery-position-overlay  envira-gallery-top-right\"><\/div><div class=\"envira-gallery-position-overlay  envira-gallery-bottom-left\"><\/div><div class=\"envira-gallery-position-overlay  envira-gallery-bottom-right\"><\/div><a href=\"https:\/\/guardeduendesyhadas.com\/wp-content\/uploads\/2019\/02\/IMG_4530.jpg\" class=\"envira-gallery-202 envira-gallery-link\" rel=\"enviragallery202\" title=\"IMG_4530\" data-envira-caption=\"IMG_4530\" data-envira-retina=\"\" data-thumbnail=\"\"  itemprop=\"contentUrl\"><div class=\"envira-lazy\" data-test-width=\"640\" data-test-height=\"480\" style=\"padding-bottom:75%;\"><img decoding=\"async\" id=\"envira-gallery-image-215\" class=\"envira-gallery-image envira-gallery-image-8\" data-envira-index=\"8\" src=\"https:\/\/guardeduendesyhadas.com\/wp-content\/uploads\/2019\/02\/IMG_4530.jpg\" data-envira-src=\"https:\/\/guardeduendesyhadas.com\/wp-content\/uploads\/2019\/02\/IMG_4530.jpg\" data-envira-gallery-id=\"202\" data-envira-item-id=\"215\" data-envira-caption=\"IMG_4530\" alt=\"\" title=\"IMG_4530\"  itemprop=\"thumbnailUrl\" data-envira-srcset=\"https:\/\/guardeduendesyhadas.com\/wp-content\/uploads\/2019\/02\/IMG_4530.jpg 400w,https:\/\/guardeduendesyhadas.com\/wp-content\/uploads\/2019\/02\/IMG_4530.jpg 2x\" srcset=\"data:image\/gif;base64,R0lGODlhAQABAIAAAP\/\/\/\/\/\/\/yH5BAEKAAEALAAAAAABAAEAAAICTAEAOw==\" \/><\/div><\/a><\/div><\/div><\/div><\/div><noscript><img decoding=\"async\" src=\"https:\/\/guardeduendesyhadas.com\/wp-content\/uploads\/2019\/02\/IMG_4518.jpg\" alt=\"\" \/><img decoding=\"async\" src=\"https:\/\/guardeduendesyhadas.com\/wp-content\/uploads\/2019\/02\/IMG_4520.jpg\" alt=\"\" \/><img decoding=\"async\" src=\"https:\/\/guardeduendesyhadas.com\/wp-content\/uploads\/2019\/02\/IMG_4521.jpg\" alt=\"\" \/><img decoding=\"async\" src=\"https:\/\/guardeduendesyhadas.com\/wp-content\/uploads\/2019\/02\/IMG_4522.jpg\" alt=\"\" \/><img decoding=\"async\" src=\"https:\/\/guardeduendesyhadas.com\/wp-content\/uploads\/2019\/02\/IMG_4526.jpg\" alt=\"\" \/><img decoding=\"async\" src=\"https:\/\/guardeduendesyhadas.com\/wp-content\/uploads\/2019\/02\/IMG_4527.jpg\" alt=\"\" \/><img decoding=\"async\" src=\"https:\/\/guardeduendesyhadas.com\/wp-content\/uploads\/2019\/02\/IMG_4529.jpg\" alt=\"\" \/><img decoding=\"async\" src=\"https:\/\/guardeduendesyhadas.com\/wp-content\/uploads\/2019\/02\/IMG_4530.jpg\" alt=\"\" \/><\/noscript><\/code><a href=\"https:\/\/guardeduendesyhadas.com\/wp-admin\/edit.php?post_type=envira#\"><br>\n\n<\/a><\/p>\n","protected":false},"excerpt":{"rendered":"<p>Organizado y limpio. Mesas para los mayores y tronas para los m\u00e1s peque\u00f1os. Luz natural, ventilaci\u00f3n, barra de apoyo, etc. Todo listo para que la hora del almuerzo sea lo &#8230;<\/p>\n","protected":false},"author":1,"featured_media":0,"parent":0,"menu_order":0,"comment_status":"closed","ping_status":"closed","template":"","meta":{"footnotes":""},"class_list":["post-84","page","type-page","status-publish","hentry"],"_links":{"self":[{"href":"https:\/\/guardeduendesyhadas.com\/index.php?rest_route=\/wp\/v2\/pages\/84"}],"collection":[{"href":"https:\/\/guardeduendesyhadas.com\/index.php?rest_route=\/wp\/v2\/pages"}],"about":[{"href":"https:\/\/guardeduendesyhadas.com\/index.php?rest_route=\/wp\/v2\/types\/page"}],"author":[{"embeddable":true,"href":"https:\/\/guardeduendesyhadas.com\/index.php?rest_route=\/wp\/v2\/users\/1"}],"replies":[{"embeddable":true,"href":"https:\/\/guardeduendesyhadas.com\/index.php?rest_route=%2Fwp%2Fv2%2Fcomments&post=84"}],"version-history":[{"count":4,"href":"https:\/\/guardeduendesyhadas.com\/index.php?rest_route=\/wp\/v2\/pages\/84\/revisions"}],"predecessor-version":[{"id":530,"href":"https:\/\/guardeduendesyhadas.com\/index.php?rest_route=\/wp\/v2\/pages\/84\/revisions\/530"}],"wp:attachment":[{"href":"https:\/\/guardeduendesyhadas.com\/index.php?rest_route=%2Fwp%2Fv2%2Fmedia&parent=84"}],"curies":[{"name":"wp","href":"https:\/\/api.w.org\/{rel}","templated":true}]}}