{"id":76,"date":"2019-02-11T08:42:31","date_gmt":"2019-02-11T08:42:31","guid":{"rendered":"http:\/\/guardeduendesyhadas.com\/?page_id=76"},"modified":"2019-02-21T20:16:30","modified_gmt":"2019-02-21T20:16:30","slug":"sala-1-2","status":"publish","type":"page","link":"https:\/\/guardeduendesyhadas.com\/?page_id=76","title":{"rendered":"Aulas amarilla y verde"},"content":{"rendered":"\n<p>La sala amarilla y la sala verde. <\/p>\n\n\n\n<p>El<strong>\u00a0amarillo<\/strong>\u00a0es capaz de generar ambientes positivos y agradables. Estos tonos en\u00e9rgicos ayudar\u00e1n a los peque\u00f1os a incrementar la seguridad en s\u00ed mismo gracias a la vitalidad que transmiten. Tiene percheros personalizados con sus nombres para que ellos mismos reconozcan sus mochilas y abrigos y comiencen a trabajar el orden y la limpieza de todo lo que usan y les rodea. <\/p>\n\n\n\n<p>El <strong>verde<\/strong> es el s\u00edmbolo de la naturaleza y aparte de aportar frescura\u00a0y transmite una gran\u00a0tranquilidad\u00a0y\u00a0estabilidad<strong>\u00a0<\/strong> en nuestros tonos mas suaves y secos. <\/p>\n\n\n\n<p>Ambas salas gozan de <strong>luz natural<\/strong> en cualquier \u00e9poca del a\u00f1o, algo que aporta grandes beneficios como ayudar a segregar serotonina, generando un estado de animo favorable a estas edades; adem\u00e1s, los rayos UVA auxilian en la producci\u00f3n de vitamina D, aumentando el calcio en los huesitos de los ni\u00f1os. La luz es el marcador temporal de nuestro reloj biol\u00f3gico por lo que puede avivar el estado alerta del organismo, mejorando su sue\u00f1o y en general su bienestar diario.<br><\/p>\n\n\n\n<p><code><div id=\"envira-gallery-wrap-156\" class=\"envira-gallery-wrap envira-gallery-theme-base envira-lightbox-theme-base\" itemscope itemtype=\"https:\/\/schema.org\/ImageGallery\"><div data-row-height=\"\" data-gallery-theme=\"\" id=\"envira-gallery-156\" class=\"envira-gallery-public  envira-gallery-3-columns envira-clear enviratope envira-gallery-css-animations\" data-envira-columns=\"3\"><div id=\"envira-gallery-item-161\" class=\"envira-gallery-item enviratope-item envira-gallery-item-1 envira-lazy-load\" style=\"padding-left: 10px; padding-bottom: 25px; padding-right: 10px;\"  itemscope itemtype=\"https:\/\/schema.org\/ImageObject\"><div class=\"envira-gallery-item-inner\"><div class=\"envira-gallery-position-overlay  envira-gallery-top-left\"><\/div><div class=\"envira-gallery-position-overlay  envira-gallery-top-right\"><\/div><div class=\"envira-gallery-position-overlay  envira-gallery-bottom-left\"><\/div><div class=\"envira-gallery-position-overlay  envira-gallery-bottom-right\"><\/div><a href=\"https:\/\/guardeduendesyhadas.com\/wp-content\/uploads\/2019\/02\/IMG_4503.jpg\" class=\"envira-gallery-156 envira-gallery-link\" rel=\"enviragallery156\" title=\"IMG_4503\" data-envira-caption=\"IMG_4503\" data-envira-retina=\"\" data-thumbnail=\"\"  itemprop=\"contentUrl\"><div class=\"envira-lazy\" data-test-width=\"640\" data-test-height=\"480\" style=\"padding-bottom:75%;\"><img decoding=\"async\" id=\"envira-gallery-image-161\" class=\"envira-gallery-image envira-gallery-image-1\" data-envira-index=\"1\" src=\"https:\/\/guardeduendesyhadas.com\/wp-content\/uploads\/2019\/02\/IMG_4503-300x200.jpg\" data-envira-src=\"https:\/\/guardeduendesyhadas.com\/wp-content\/uploads\/2019\/02\/IMG_4503-300x200.jpg\" data-envira-gallery-id=\"156\" data-envira-item-id=\"161\" data-envira-caption=\"IMG_4503\" alt=\"\" title=\"IMG_4503\"  itemprop=\"thumbnailUrl\" data-envira-srcset=\"https:\/\/guardeduendesyhadas.com\/wp-content\/uploads\/2019\/02\/IMG_4503-300x200.jpg 400w,https:\/\/guardeduendesyhadas.com\/wp-content\/uploads\/2019\/02\/IMG_4503-300x200.jpg 2x\" srcset=\"data:image\/gif;base64,R0lGODlhAQABAIAAAP\/\/\/\/\/\/\/yH5BAEKAAEALAAAAAABAAEAAAICTAEAOw==\" \/><\/div><\/a><\/div><\/div><div id=\"envira-gallery-item-162\" class=\"envira-gallery-item enviratope-item envira-gallery-item-2 envira-lazy-load\" style=\"padding-left: 10px; padding-bottom: 25px; padding-right: 10px;\"  itemscope itemtype=\"https:\/\/schema.org\/ImageObject\"><div class=\"envira-gallery-item-inner\"><div class=\"envira-gallery-position-overlay  envira-gallery-top-left\"><\/div><div class=\"envira-gallery-position-overlay  envira-gallery-top-right\"><\/div><div class=\"envira-gallery-position-overlay  envira-gallery-bottom-left\"><\/div><div class=\"envira-gallery-position-overlay  envira-gallery-bottom-right\"><\/div><a href=\"https:\/\/guardeduendesyhadas.com\/wp-content\/uploads\/2019\/02\/IMG_4504.jpg\" class=\"envira-gallery-156 envira-gallery-link\" rel=\"enviragallery156\" title=\"IMG_4504\" data-envira-caption=\"IMG_4504\" data-envira-retina=\"\" data-thumbnail=\"\"  itemprop=\"contentUrl\"><div class=\"envira-lazy\" data-test-width=\"640\" data-test-height=\"480\" style=\"padding-bottom:75%;\"><img decoding=\"async\" id=\"envira-gallery-image-162\" class=\"envira-gallery-image envira-gallery-image-2\" data-envira-index=\"2\" src=\"https:\/\/guardeduendesyhadas.com\/wp-content\/uploads\/2019\/02\/IMG_4504-300x200.jpg\" data-envira-src=\"https:\/\/guardeduendesyhadas.com\/wp-content\/uploads\/2019\/02\/IMG_4504-300x200.jpg\" data-envira-gallery-id=\"156\" data-envira-item-id=\"162\" data-envira-caption=\"IMG_4504\" alt=\"\" title=\"IMG_4504\"  itemprop=\"thumbnailUrl\" data-envira-srcset=\"https:\/\/guardeduendesyhadas.com\/wp-content\/uploads\/2019\/02\/IMG_4504-300x200.jpg 400w,https:\/\/guardeduendesyhadas.com\/wp-content\/uploads\/2019\/02\/IMG_4504-300x200.jpg 2x\" srcset=\"data:image\/gif;base64,R0lGODlhAQABAIAAAP\/\/\/\/\/\/\/yH5BAEKAAEALAAAAAABAAEAAAICTAEAOw==\" \/><\/div><\/a><\/div><\/div><div id=\"envira-gallery-item-166\" class=\"envira-gallery-item enviratope-item envira-gallery-item-3 envira-lazy-load\" style=\"padding-left: 10px; padding-bottom: 25px; padding-right: 10px;\"  itemscope itemtype=\"https:\/\/schema.org\/ImageObject\"><div class=\"envira-gallery-item-inner\"><div class=\"envira-gallery-position-overlay  envira-gallery-top-left\"><\/div><div class=\"envira-gallery-position-overlay  envira-gallery-top-right\"><\/div><div class=\"envira-gallery-position-overlay  envira-gallery-bottom-left\"><\/div><div class=\"envira-gallery-position-overlay  envira-gallery-bottom-right\"><\/div><a href=\"https:\/\/guardeduendesyhadas.com\/wp-content\/uploads\/2019\/02\/IMG_4515.jpg\" class=\"envira-gallery-156 envira-gallery-link\" rel=\"enviragallery156\" title=\"IMG_4515\" data-envira-caption=\"IMG_4515\" data-envira-retina=\"\" data-thumbnail=\"\"  itemprop=\"contentUrl\"><div class=\"envira-lazy\" data-test-width=\"640\" data-test-height=\"480\" style=\"padding-bottom:75%;\"><img decoding=\"async\" id=\"envira-gallery-image-166\" class=\"envira-gallery-image envira-gallery-image-3\" data-envira-index=\"3\" src=\"https:\/\/guardeduendesyhadas.com\/wp-content\/uploads\/2019\/02\/IMG_4515-300x200.jpg\" data-envira-src=\"https:\/\/guardeduendesyhadas.com\/wp-content\/uploads\/2019\/02\/IMG_4515-300x200.jpg\" data-envira-gallery-id=\"156\" data-envira-item-id=\"166\" data-envira-caption=\"IMG_4515\" alt=\"\" title=\"IMG_4515\"  itemprop=\"thumbnailUrl\" data-envira-srcset=\"https:\/\/guardeduendesyhadas.com\/wp-content\/uploads\/2019\/02\/IMG_4515-300x200.jpg 400w,https:\/\/guardeduendesyhadas.com\/wp-content\/uploads\/2019\/02\/IMG_4515-300x200.jpg 2x\" srcset=\"data:image\/gif;base64,R0lGODlhAQABAIAAAP\/\/\/\/\/\/\/yH5BAEKAAEALAAAAAABAAEAAAICTAEAOw==\" \/><\/div><\/a><\/div><\/div><div id=\"envira-gallery-item-164\" class=\"envira-gallery-item enviratope-item envira-gallery-item-4 envira-lazy-load\" style=\"padding-left: 10px; padding-bottom: 25px; padding-right: 10px;\"  itemscope itemtype=\"https:\/\/schema.org\/ImageObject\"><div class=\"envira-gallery-item-inner\"><div class=\"envira-gallery-position-overlay  envira-gallery-top-left\"><\/div><div class=\"envira-gallery-position-overlay  envira-gallery-top-right\"><\/div><div class=\"envira-gallery-position-overlay  envira-gallery-bottom-left\"><\/div><div class=\"envira-gallery-position-overlay  envira-gallery-bottom-right\"><\/div><a href=\"https:\/\/guardeduendesyhadas.com\/wp-content\/uploads\/2019\/02\/IMG_4511.jpg\" class=\"envira-gallery-156 envira-gallery-link\" rel=\"enviragallery156\" title=\"IMG_4511\" data-envira-caption=\"IMG_4511\" data-envira-retina=\"\" data-thumbnail=\"\"  itemprop=\"contentUrl\"><div class=\"envira-lazy\" data-test-width=\"640\" data-test-height=\"480\" style=\"padding-bottom:75%;\"><img decoding=\"async\" id=\"envira-gallery-image-164\" class=\"envira-gallery-image envira-gallery-image-4\" data-envira-index=\"4\" src=\"https:\/\/guardeduendesyhadas.com\/wp-content\/uploads\/2019\/02\/IMG_4511-200x300.jpg\" data-envira-src=\"https:\/\/guardeduendesyhadas.com\/wp-content\/uploads\/2019\/02\/IMG_4511-200x300.jpg\" data-envira-gallery-id=\"156\" data-envira-item-id=\"164\" data-envira-caption=\"IMG_4511\" alt=\"\" title=\"IMG_4511\"  itemprop=\"thumbnailUrl\" data-envira-srcset=\"https:\/\/guardeduendesyhadas.com\/wp-content\/uploads\/2019\/02\/IMG_4511-200x300.jpg 400w,https:\/\/guardeduendesyhadas.com\/wp-content\/uploads\/2019\/02\/IMG_4511-200x300.jpg 2x\" srcset=\"data:image\/gif;base64,R0lGODlhAQABAIAAAP\/\/\/\/\/\/\/yH5BAEKAAEALAAAAAABAAEAAAICTAEAOw==\" \/><\/div><\/a><\/div><\/div><div id=\"envira-gallery-item-158\" class=\"envira-gallery-item enviratope-item envira-gallery-item-5 envira-lazy-load\" style=\"padding-left: 10px; padding-bottom: 25px; padding-right: 10px;\"  itemscope itemtype=\"https:\/\/schema.org\/ImageObject\"><div class=\"envira-gallery-item-inner\"><div class=\"envira-gallery-position-overlay  envira-gallery-top-left\"><\/div><div class=\"envira-gallery-position-overlay  envira-gallery-top-right\"><\/div><div class=\"envira-gallery-position-overlay  envira-gallery-bottom-left\"><\/div><div class=\"envira-gallery-position-overlay  envira-gallery-bottom-right\"><\/div><a href=\"https:\/\/guardeduendesyhadas.com\/wp-content\/uploads\/2019\/02\/IMG_4500.jpg\" class=\"envira-gallery-156 envira-gallery-link\" rel=\"enviragallery156\" title=\"IMG_4500\" data-envira-caption=\"IMG_4500\" data-envira-retina=\"\" data-thumbnail=\"\"  itemprop=\"contentUrl\"><div class=\"envira-lazy\" data-test-width=\"640\" data-test-height=\"480\" style=\"padding-bottom:75%;\"><img decoding=\"async\" id=\"envira-gallery-image-158\" class=\"envira-gallery-image envira-gallery-image-5\" data-envira-index=\"5\" src=\"https:\/\/guardeduendesyhadas.com\/wp-content\/uploads\/2019\/02\/IMG_4500-300x200.jpg\" data-envira-src=\"https:\/\/guardeduendesyhadas.com\/wp-content\/uploads\/2019\/02\/IMG_4500-300x200.jpg\" data-envira-gallery-id=\"156\" data-envira-item-id=\"158\" data-envira-caption=\"IMG_4500\" alt=\"\" title=\"IMG_4500\"  itemprop=\"thumbnailUrl\" data-envira-srcset=\"https:\/\/guardeduendesyhadas.com\/wp-content\/uploads\/2019\/02\/IMG_4500-300x200.jpg 400w,https:\/\/guardeduendesyhadas.com\/wp-content\/uploads\/2019\/02\/IMG_4500-300x200.jpg 2x\" srcset=\"data:image\/gif;base64,R0lGODlhAQABAIAAAP\/\/\/\/\/\/\/yH5BAEKAAEALAAAAAABAAEAAAICTAEAOw==\" \/><\/div><\/a><\/div><\/div><div id=\"envira-gallery-item-165\" class=\"envira-gallery-item enviratope-item envira-gallery-item-6 envira-lazy-load\" style=\"padding-left: 10px; padding-bottom: 25px; padding-right: 10px;\"  itemscope itemtype=\"https:\/\/schema.org\/ImageObject\"><div class=\"envira-gallery-item-inner\"><div class=\"envira-gallery-position-overlay  envira-gallery-top-left\"><\/div><div class=\"envira-gallery-position-overlay  envira-gallery-top-right\"><\/div><div class=\"envira-gallery-position-overlay  envira-gallery-bottom-left\"><\/div><div class=\"envira-gallery-position-overlay  envira-gallery-bottom-right\"><\/div><a href=\"https:\/\/guardeduendesyhadas.com\/wp-content\/uploads\/2019\/02\/IMG_4512.jpg\" class=\"envira-gallery-156 envira-gallery-link\" rel=\"enviragallery156\" title=\"IMG_4512\" data-envira-caption=\"IMG_4512\" data-envira-retina=\"\" data-thumbnail=\"\"  itemprop=\"contentUrl\"><div class=\"envira-lazy\" data-test-width=\"640\" data-test-height=\"480\" style=\"padding-bottom:75%;\"><img decoding=\"async\" id=\"envira-gallery-image-165\" class=\"envira-gallery-image envira-gallery-image-6\" data-envira-index=\"6\" src=\"https:\/\/guardeduendesyhadas.com\/wp-content\/uploads\/2019\/02\/IMG_4512-200x300.jpg\" data-envira-src=\"https:\/\/guardeduendesyhadas.com\/wp-content\/uploads\/2019\/02\/IMG_4512-200x300.jpg\" data-envira-gallery-id=\"156\" data-envira-item-id=\"165\" data-envira-caption=\"IMG_4512\" alt=\"\" title=\"IMG_4512\"  itemprop=\"thumbnailUrl\" data-envira-srcset=\"https:\/\/guardeduendesyhadas.com\/wp-content\/uploads\/2019\/02\/IMG_4512-200x300.jpg 400w,https:\/\/guardeduendesyhadas.com\/wp-content\/uploads\/2019\/02\/IMG_4512-200x300.jpg 2x\" srcset=\"data:image\/gif;base64,R0lGODlhAQABAIAAAP\/\/\/\/\/\/\/yH5BAEKAAEALAAAAAABAAEAAAICTAEAOw==\" \/><\/div><\/a><\/div><\/div><div id=\"envira-gallery-item-163\" class=\"envira-gallery-item enviratope-item envira-gallery-item-7 envira-lazy-load\" style=\"padding-left: 10px; padding-bottom: 25px; padding-right: 10px;\"  itemscope itemtype=\"https:\/\/schema.org\/ImageObject\"><div class=\"envira-gallery-item-inner\"><div class=\"envira-gallery-position-overlay  envira-gallery-top-left\"><\/div><div class=\"envira-gallery-position-overlay  envira-gallery-top-right\"><\/div><div class=\"envira-gallery-position-overlay  envira-gallery-bottom-left\"><\/div><div class=\"envira-gallery-position-overlay  envira-gallery-bottom-right\"><\/div><a href=\"https:\/\/guardeduendesyhadas.com\/wp-content\/uploads\/2019\/02\/IMG_4505.jpg\" class=\"envira-gallery-156 envira-gallery-link\" rel=\"enviragallery156\" title=\"IMG_4505\" data-envira-caption=\"IMG_4505\" data-envira-retina=\"\" data-thumbnail=\"\"  itemprop=\"contentUrl\"><div class=\"envira-lazy\" data-test-width=\"640\" data-test-height=\"480\" style=\"padding-bottom:75%;\"><img decoding=\"async\" id=\"envira-gallery-image-163\" class=\"envira-gallery-image envira-gallery-image-7\" data-envira-index=\"7\" src=\"https:\/\/guardeduendesyhadas.com\/wp-content\/uploads\/2019\/02\/IMG_4505-200x300.jpg\" data-envira-src=\"https:\/\/guardeduendesyhadas.com\/wp-content\/uploads\/2019\/02\/IMG_4505-200x300.jpg\" data-envira-gallery-id=\"156\" data-envira-item-id=\"163\" data-envira-caption=\"IMG_4505\" alt=\"\" title=\"IMG_4505\"  itemprop=\"thumbnailUrl\" data-envira-srcset=\"https:\/\/guardeduendesyhadas.com\/wp-content\/uploads\/2019\/02\/IMG_4505-200x300.jpg 400w,https:\/\/guardeduendesyhadas.com\/wp-content\/uploads\/2019\/02\/IMG_4505-200x300.jpg 2x\" srcset=\"data:image\/gif;base64,R0lGODlhAQABAIAAAP\/\/\/\/\/\/\/yH5BAEKAAEALAAAAAABAAEAAAICTAEAOw==\" \/><\/div><\/a><\/div><\/div><\/div><\/div><noscript><img decoding=\"async\" src=\"https:\/\/guardeduendesyhadas.com\/wp-content\/uploads\/2019\/02\/IMG_4503.jpg\" alt=\"\" \/><img decoding=\"async\" src=\"https:\/\/guardeduendesyhadas.com\/wp-content\/uploads\/2019\/02\/IMG_4504.jpg\" alt=\"\" \/><img decoding=\"async\" src=\"https:\/\/guardeduendesyhadas.com\/wp-content\/uploads\/2019\/02\/IMG_4515.jpg\" alt=\"\" \/><img decoding=\"async\" src=\"https:\/\/guardeduendesyhadas.com\/wp-content\/uploads\/2019\/02\/IMG_4511.jpg\" alt=\"\" \/><img decoding=\"async\" src=\"https:\/\/guardeduendesyhadas.com\/wp-content\/uploads\/2019\/02\/IMG_4500.jpg\" alt=\"\" \/><img decoding=\"async\" src=\"https:\/\/guardeduendesyhadas.com\/wp-content\/uploads\/2019\/02\/IMG_4512.jpg\" alt=\"\" \/><img decoding=\"async\" src=\"https:\/\/guardeduendesyhadas.com\/wp-content\/uploads\/2019\/02\/IMG_4505.jpg\" alt=\"\" \/><\/noscript><\/code><a href=\"https:\/\/guardeduendesyhadas.com\/wp-admin\/edit.php?post_type=envira#\"><br>\n\n<\/a><\/p>\n","protected":false},"excerpt":{"rendered":"<p>La sala amarilla y la sala verde. El\u00a0amarillo\u00a0es capaz de generar ambientes positivos y agradables. Estos tonos en\u00e9rgicos ayudar\u00e1n a los peque\u00f1os a incrementar la seguridad en s\u00ed mismo gracias &#8230;<\/p>\n","protected":false},"author":1,"featured_media":0,"parent":0,"menu_order":0,"comment_status":"closed","ping_status":"closed","template":"","meta":{"footnotes":""},"class_list":["post-76","page","type-page","status-publish","hentry"],"_links":{"self":[{"href":"https:\/\/guardeduendesyhadas.com\/index.php?rest_route=\/wp\/v2\/pages\/76"}],"collection":[{"href":"https:\/\/guardeduendesyhadas.com\/index.php?rest_route=\/wp\/v2\/pages"}],"about":[{"href":"https:\/\/guardeduendesyhadas.com\/index.php?rest_route=\/wp\/v2\/types\/page"}],"author":[{"embeddable":true,"href":"https:\/\/guardeduendesyhadas.com\/index.php?rest_route=\/wp\/v2\/users\/1"}],"replies":[{"embeddable":true,"href":"https:\/\/guardeduendesyhadas.com\/index.php?rest_route=%2Fwp%2Fv2%2Fcomments&post=76"}],"version-history":[{"count":9,"href":"https:\/\/guardeduendesyhadas.com\/index.php?rest_route=\/wp\/v2\/pages\/76\/revisions"}],"predecessor-version":[{"id":529,"href":"https:\/\/guardeduendesyhadas.com\/index.php?rest_route=\/wp\/v2\/pages\/76\/revisions\/529"}],"wp:attachment":[{"href":"https:\/\/guardeduendesyhadas.com\/index.php?rest_route=%2Fwp%2Fv2%2Fmedia&parent=76"}],"curies":[{"name":"wp","href":"https:\/\/api.w.org\/{rel}","templated":true}]}}