{"id":74,"date":"2019-02-11T08:42:08","date_gmt":"2019-02-11T08:42:08","guid":{"rendered":"http:\/\/guardeduendesyhadas.com\/?page_id=74"},"modified":"2019-02-21T20:16:00","modified_gmt":"2019-02-21T20:16:00","slug":"sala-0-1","status":"publish","type":"page","link":"https:\/\/guardeduendesyhadas.com\/?page_id=74","title":{"rendered":"Aula Azul"},"content":{"rendered":"\n<p>La denominada sala azul. Es la sala de los m\u00e1s peque\u00f1os. El azul transmite frescor, pureza y produce un efecto calmante y tranquilizador, muy \u00fatil especialmente en los primeros meses a partir la incorporaci\u00f3n del ni\u00f1o al aula. Tiene un espejo para realizar actividades y juegos con los beb\u00e9s<strong>&nbsp;<\/strong>para que vayan aprendiendo a conocerse a si mismos.<\/p>\n\n\n\n<p><code><div id=\"envira-gallery-wrap-139\" class=\"envira-gallery-wrap envira-gallery-theme-base envira-lightbox-theme-base\" itemscope itemtype=\"https:\/\/schema.org\/ImageGallery\"><div data-row-height=\"\" data-gallery-theme=\"\" id=\"envira-gallery-139\" class=\"envira-gallery-public  envira-gallery-3-columns envira-clear enviratope envira-gallery-css-animations\" data-envira-columns=\"3\"><div id=\"envira-gallery-item-140\" class=\"envira-gallery-item enviratope-item envira-gallery-item-1 envira-lazy-load\" style=\"padding-left: 10px; padding-bottom: 25px; padding-right: 10px;\"  itemscope itemtype=\"https:\/\/schema.org\/ImageObject\"><div class=\"envira-gallery-item-inner\"><div class=\"envira-gallery-position-overlay  envira-gallery-top-left\"><\/div><div class=\"envira-gallery-position-overlay  envira-gallery-top-right\"><\/div><div class=\"envira-gallery-position-overlay  envira-gallery-bottom-left\"><\/div><div class=\"envira-gallery-position-overlay  envira-gallery-bottom-right\"><\/div><a href=\"https:\/\/guardeduendesyhadas.com\/wp-content\/uploads\/2019\/02\/Aula-0-1-2.jpg\" class=\"envira-gallery-139 envira-gallery-link\" rel=\"enviragallery139\" title=\"Aula 0-1 2\" data-envira-caption=\"Aula 0-1 2\" data-envira-retina=\"\" data-thumbnail=\"\"  itemprop=\"contentUrl\"><div class=\"envira-lazy\" data-test-width=\"640\" data-test-height=\"480\" style=\"padding-bottom:75%;\"><img decoding=\"async\" id=\"envira-gallery-image-140\" class=\"envira-gallery-image envira-gallery-image-1\" data-envira-index=\"1\" src=\"https:\/\/guardeduendesyhadas.com\/wp-content\/uploads\/2019\/02\/Aula-0-1-2-300x200.jpg\" data-envira-src=\"https:\/\/guardeduendesyhadas.com\/wp-content\/uploads\/2019\/02\/Aula-0-1-2-300x200.jpg\" data-envira-gallery-id=\"139\" data-envira-item-id=\"140\" data-envira-caption=\"Aula 0-1 2\" alt=\"\" title=\"Aula 0-1 2\"  itemprop=\"thumbnailUrl\" data-envira-srcset=\"https:\/\/guardeduendesyhadas.com\/wp-content\/uploads\/2019\/02\/Aula-0-1-2-300x200.jpg 400w,https:\/\/guardeduendesyhadas.com\/wp-content\/uploads\/2019\/02\/Aula-0-1-2-300x200.jpg 2x\" srcset=\"data:image\/gif;base64,R0lGODlhAQABAIAAAP\/\/\/\/\/\/\/yH5BAEKAAEALAAAAAABAAEAAAICTAEAOw==\" \/><\/div><\/a><\/div><\/div><div id=\"envira-gallery-item-142\" class=\"envira-gallery-item enviratope-item envira-gallery-item-2 envira-lazy-load\" style=\"padding-left: 10px; padding-bottom: 25px; padding-right: 10px;\"  itemscope itemtype=\"https:\/\/schema.org\/ImageObject\"><div class=\"envira-gallery-item-inner\"><div class=\"envira-gallery-position-overlay  envira-gallery-top-left\"><\/div><div class=\"envira-gallery-position-overlay  envira-gallery-top-right\"><\/div><div class=\"envira-gallery-position-overlay  envira-gallery-bottom-left\"><\/div><div class=\"envira-gallery-position-overlay  envira-gallery-bottom-right\"><\/div><a href=\"https:\/\/guardeduendesyhadas.com\/wp-content\/uploads\/2019\/02\/Aula-0-1-4.jpg\" class=\"envira-gallery-139 envira-gallery-link\" rel=\"enviragallery139\" title=\"Aula 0-1 4\" data-envira-caption=\"Aula 0-1 4\" data-envira-retina=\"\" data-thumbnail=\"\"  itemprop=\"contentUrl\"><div class=\"envira-lazy\" data-test-width=\"640\" data-test-height=\"480\" style=\"padding-bottom:75%;\"><img decoding=\"async\" id=\"envira-gallery-image-142\" class=\"envira-gallery-image envira-gallery-image-2\" data-envira-index=\"2\" src=\"https:\/\/guardeduendesyhadas.com\/wp-content\/uploads\/2019\/02\/Aula-0-1-4-300x200.jpg\" data-envira-src=\"https:\/\/guardeduendesyhadas.com\/wp-content\/uploads\/2019\/02\/Aula-0-1-4-300x200.jpg\" data-envira-gallery-id=\"139\" data-envira-item-id=\"142\" data-envira-caption=\"Aula 0-1 4\" alt=\"\" title=\"Aula 0-1 4\"  itemprop=\"thumbnailUrl\" data-envira-srcset=\"https:\/\/guardeduendesyhadas.com\/wp-content\/uploads\/2019\/02\/Aula-0-1-4-300x200.jpg 400w,https:\/\/guardeduendesyhadas.com\/wp-content\/uploads\/2019\/02\/Aula-0-1-4-300x200.jpg 2x\" srcset=\"data:image\/gif;base64,R0lGODlhAQABAIAAAP\/\/\/\/\/\/\/yH5BAEKAAEALAAAAAABAAEAAAICTAEAOw==\" \/><\/div><\/a><\/div><\/div><div id=\"envira-gallery-item-143\" class=\"envira-gallery-item enviratope-item envira-gallery-item-3 envira-lazy-load\" style=\"padding-left: 10px; padding-bottom: 25px; padding-right: 10px;\"  itemscope itemtype=\"https:\/\/schema.org\/ImageObject\"><div class=\"envira-gallery-item-inner\"><div class=\"envira-gallery-position-overlay  envira-gallery-top-left\"><\/div><div class=\"envira-gallery-position-overlay  envira-gallery-top-right\"><\/div><div class=\"envira-gallery-position-overlay  envira-gallery-bottom-left\"><\/div><div class=\"envira-gallery-position-overlay  envira-gallery-bottom-right\"><\/div><a href=\"https:\/\/guardeduendesyhadas.com\/wp-content\/uploads\/2019\/02\/Aula0-1-1.jpg\" class=\"envira-gallery-139 envira-gallery-link\" rel=\"enviragallery139\" title=\"Aula0-1 1\" data-envira-caption=\"Aula0-1 1\" data-envira-retina=\"\" data-thumbnail=\"\"  itemprop=\"contentUrl\"><div class=\"envira-lazy\" data-test-width=\"640\" data-test-height=\"480\" style=\"padding-bottom:75%;\"><img decoding=\"async\" id=\"envira-gallery-image-143\" class=\"envira-gallery-image envira-gallery-image-3\" data-envira-index=\"3\" src=\"https:\/\/guardeduendesyhadas.com\/wp-content\/uploads\/2019\/02\/Aula0-1-1-300x200.jpg\" data-envira-src=\"https:\/\/guardeduendesyhadas.com\/wp-content\/uploads\/2019\/02\/Aula0-1-1-300x200.jpg\" data-envira-gallery-id=\"139\" data-envira-item-id=\"143\" data-envira-caption=\"Aula0-1 1\" alt=\"\" title=\"Aula0-1 1\"  itemprop=\"thumbnailUrl\" data-envira-srcset=\"https:\/\/guardeduendesyhadas.com\/wp-content\/uploads\/2019\/02\/Aula0-1-1-300x200.jpg 400w,https:\/\/guardeduendesyhadas.com\/wp-content\/uploads\/2019\/02\/Aula0-1-1-300x200.jpg 2x\" srcset=\"data:image\/gif;base64,R0lGODlhAQABAIAAAP\/\/\/\/\/\/\/yH5BAEKAAEALAAAAAABAAEAAAICTAEAOw==\" \/><\/div><\/a><\/div><\/div><div id=\"envira-gallery-item-146\" class=\"envira-gallery-item enviratope-item envira-gallery-item-4 envira-lazy-load\" style=\"padding-left: 10px; padding-bottom: 25px; padding-right: 10px;\"  itemscope itemtype=\"https:\/\/schema.org\/ImageObject\"><div class=\"envira-gallery-item-inner\"><div class=\"envira-gallery-position-overlay  envira-gallery-top-left\"><\/div><div class=\"envira-gallery-position-overlay  envira-gallery-top-right\"><\/div><div class=\"envira-gallery-position-overlay  envira-gallery-bottom-left\"><\/div><div class=\"envira-gallery-position-overlay  envira-gallery-bottom-right\"><\/div><a href=\"https:\/\/guardeduendesyhadas.com\/wp-content\/uploads\/2019\/02\/IMG_4491.jpg\" class=\"envira-gallery-139 envira-gallery-link\" rel=\"enviragallery139\" title=\"IMG_4491\" data-envira-caption=\"IMG_4491\" data-envira-retina=\"\" data-thumbnail=\"\"  itemprop=\"contentUrl\"><div class=\"envira-lazy\" data-test-width=\"640\" data-test-height=\"480\" style=\"padding-bottom:75%;\"><img decoding=\"async\" id=\"envira-gallery-image-146\" class=\"envira-gallery-image envira-gallery-image-4\" data-envira-index=\"4\" src=\"https:\/\/guardeduendesyhadas.com\/wp-content\/uploads\/2019\/02\/IMG_4491-300x200.jpg\" data-envira-src=\"https:\/\/guardeduendesyhadas.com\/wp-content\/uploads\/2019\/02\/IMG_4491-300x200.jpg\" data-envira-gallery-id=\"139\" data-envira-item-id=\"146\" data-envira-caption=\"IMG_4491\" alt=\"\" title=\"IMG_4491\"  itemprop=\"thumbnailUrl\" data-envira-srcset=\"https:\/\/guardeduendesyhadas.com\/wp-content\/uploads\/2019\/02\/IMG_4491-300x200.jpg 400w,https:\/\/guardeduendesyhadas.com\/wp-content\/uploads\/2019\/02\/IMG_4491-300x200.jpg 2x\" srcset=\"data:image\/gif;base64,R0lGODlhAQABAIAAAP\/\/\/\/\/\/\/yH5BAEKAAEALAAAAAABAAEAAAICTAEAOw==\" \/><\/div><\/a><\/div><\/div><div id=\"envira-gallery-item-148\" class=\"envira-gallery-item enviratope-item envira-gallery-item-5 envira-lazy-load\" style=\"padding-left: 10px; padding-bottom: 25px; padding-right: 10px;\"  itemscope itemtype=\"https:\/\/schema.org\/ImageObject\"><div class=\"envira-gallery-item-inner\"><div class=\"envira-gallery-position-overlay  envira-gallery-top-left\"><\/div><div class=\"envira-gallery-position-overlay  envira-gallery-top-right\"><\/div><div class=\"envira-gallery-position-overlay  envira-gallery-bottom-left\"><\/div><div class=\"envira-gallery-position-overlay  envira-gallery-bottom-right\"><\/div><a href=\"https:\/\/guardeduendesyhadas.com\/wp-content\/uploads\/2019\/02\/IMG_4494.jpg\" class=\"envira-gallery-139 envira-gallery-link\" rel=\"enviragallery139\" title=\"IMG_4494\" data-envira-caption=\"IMG_4494\" data-envira-retina=\"\" data-thumbnail=\"\"  itemprop=\"contentUrl\"><div class=\"envira-lazy\" data-test-width=\"640\" data-test-height=\"480\" style=\"padding-bottom:75%;\"><img decoding=\"async\" id=\"envira-gallery-image-148\" class=\"envira-gallery-image envira-gallery-image-5\" data-envira-index=\"5\" src=\"https:\/\/guardeduendesyhadas.com\/wp-content\/uploads\/2019\/02\/IMG_4494-300x200.jpg\" data-envira-src=\"https:\/\/guardeduendesyhadas.com\/wp-content\/uploads\/2019\/02\/IMG_4494-300x200.jpg\" data-envira-gallery-id=\"139\" data-envira-item-id=\"148\" data-envira-caption=\"IMG_4494\" alt=\"\" title=\"IMG_4494\"  itemprop=\"thumbnailUrl\" data-envira-srcset=\"https:\/\/guardeduendesyhadas.com\/wp-content\/uploads\/2019\/02\/IMG_4494-300x200.jpg 400w,https:\/\/guardeduendesyhadas.com\/wp-content\/uploads\/2019\/02\/IMG_4494-300x200.jpg 2x\" srcset=\"data:image\/gif;base64,R0lGODlhAQABAIAAAP\/\/\/\/\/\/\/yH5BAEKAAEALAAAAAABAAEAAAICTAEAOw==\" \/><\/div><\/a><\/div><\/div><div id=\"envira-gallery-item-149\" class=\"envira-gallery-item enviratope-item envira-gallery-item-6 envira-lazy-load\" style=\"padding-left: 10px; padding-bottom: 25px; padding-right: 10px;\"  itemscope itemtype=\"https:\/\/schema.org\/ImageObject\"><div class=\"envira-gallery-item-inner\"><div class=\"envira-gallery-position-overlay  envira-gallery-top-left\"><\/div><div class=\"envira-gallery-position-overlay  envira-gallery-top-right\"><\/div><div class=\"envira-gallery-position-overlay  envira-gallery-bottom-left\"><\/div><div class=\"envira-gallery-position-overlay  envira-gallery-bottom-right\"><\/div><a href=\"https:\/\/guardeduendesyhadas.com\/wp-content\/uploads\/2019\/02\/IMG_4516.jpg\" class=\"envira-gallery-139 envira-gallery-link\" rel=\"enviragallery139\" title=\"IMG_4516\" data-envira-caption=\"IMG_4516\" data-envira-retina=\"\" data-thumbnail=\"\"  itemprop=\"contentUrl\"><div class=\"envira-lazy\" data-test-width=\"640\" data-test-height=\"480\" style=\"padding-bottom:75%;\"><img decoding=\"async\" id=\"envira-gallery-image-149\" class=\"envira-gallery-image envira-gallery-image-6\" data-envira-index=\"6\" src=\"https:\/\/guardeduendesyhadas.com\/wp-content\/uploads\/2019\/02\/IMG_4516-300x200.jpg\" data-envira-src=\"https:\/\/guardeduendesyhadas.com\/wp-content\/uploads\/2019\/02\/IMG_4516-300x200.jpg\" data-envira-gallery-id=\"139\" data-envira-item-id=\"149\" data-envira-caption=\"IMG_4516\" alt=\"\" title=\"IMG_4516\"  itemprop=\"thumbnailUrl\" data-envira-srcset=\"https:\/\/guardeduendesyhadas.com\/wp-content\/uploads\/2019\/02\/IMG_4516-300x200.jpg 400w,https:\/\/guardeduendesyhadas.com\/wp-content\/uploads\/2019\/02\/IMG_4516-300x200.jpg 2x\" srcset=\"data:image\/gif;base64,R0lGODlhAQABAIAAAP\/\/\/\/\/\/\/yH5BAEKAAEALAAAAAABAAEAAAICTAEAOw==\" \/><\/div><\/a><\/div><\/div><div id=\"envira-gallery-item-144\" class=\"envira-gallery-item enviratope-item envira-gallery-item-7 envira-lazy-load\" style=\"padding-left: 10px; padding-bottom: 25px; padding-right: 10px;\"  itemscope itemtype=\"https:\/\/schema.org\/ImageObject\"><div class=\"envira-gallery-item-inner\"><div class=\"envira-gallery-position-overlay  envira-gallery-top-left\"><\/div><div class=\"envira-gallery-position-overlay  envira-gallery-top-right\"><\/div><div class=\"envira-gallery-position-overlay  envira-gallery-bottom-left\"><\/div><div class=\"envira-gallery-position-overlay  envira-gallery-bottom-right\"><\/div><a href=\"https:\/\/guardeduendesyhadas.com\/wp-content\/uploads\/2019\/02\/IMG_4489.jpg\" class=\"envira-gallery-139 envira-gallery-link\" rel=\"enviragallery139\" title=\"IMG_4489\" data-envira-caption=\"IMG_4489\" data-envira-retina=\"\" data-thumbnail=\"\"  itemprop=\"contentUrl\"><div class=\"envira-lazy\" data-test-width=\"640\" data-test-height=\"480\" style=\"padding-bottom:75%;\"><img decoding=\"async\" id=\"envira-gallery-image-144\" class=\"envira-gallery-image envira-gallery-image-7\" data-envira-index=\"7\" src=\"https:\/\/guardeduendesyhadas.com\/wp-content\/uploads\/2019\/02\/IMG_4489-200x300.jpg\" data-envira-src=\"https:\/\/guardeduendesyhadas.com\/wp-content\/uploads\/2019\/02\/IMG_4489-200x300.jpg\" data-envira-gallery-id=\"139\" data-envira-item-id=\"144\" data-envira-caption=\"IMG_4489\" alt=\"\" title=\"IMG_4489\"  itemprop=\"thumbnailUrl\" data-envira-srcset=\"https:\/\/guardeduendesyhadas.com\/wp-content\/uploads\/2019\/02\/IMG_4489-200x300.jpg 400w,https:\/\/guardeduendesyhadas.com\/wp-content\/uploads\/2019\/02\/IMG_4489-200x300.jpg 2x\" srcset=\"data:image\/gif;base64,R0lGODlhAQABAIAAAP\/\/\/\/\/\/\/yH5BAEKAAEALAAAAAABAAEAAAICTAEAOw==\" \/><\/div><\/a><\/div><\/div><\/div><\/div><noscript><img decoding=\"async\" src=\"https:\/\/guardeduendesyhadas.com\/wp-content\/uploads\/2019\/02\/Aula-0-1-2.jpg\" alt=\"\" \/><img decoding=\"async\" src=\"https:\/\/guardeduendesyhadas.com\/wp-content\/uploads\/2019\/02\/Aula-0-1-4.jpg\" alt=\"\" \/><img decoding=\"async\" src=\"https:\/\/guardeduendesyhadas.com\/wp-content\/uploads\/2019\/02\/Aula0-1-1.jpg\" alt=\"\" \/><img decoding=\"async\" src=\"https:\/\/guardeduendesyhadas.com\/wp-content\/uploads\/2019\/02\/IMG_4491.jpg\" alt=\"\" \/><img decoding=\"async\" src=\"https:\/\/guardeduendesyhadas.com\/wp-content\/uploads\/2019\/02\/IMG_4494.jpg\" alt=\"\" \/><img decoding=\"async\" src=\"https:\/\/guardeduendesyhadas.com\/wp-content\/uploads\/2019\/02\/IMG_4516.jpg\" alt=\"\" \/><img decoding=\"async\" src=\"https:\/\/guardeduendesyhadas.com\/wp-content\/uploads\/2019\/02\/IMG_4489.jpg\" alt=\"\" \/><\/noscript><\/code><a href=\"https:\/\/guardeduendesyhadas.com\/wp-admin\/edit.php?post_type=envira#\"><br><\/a><\/p>\n","protected":false},"excerpt":{"rendered":"<p>La denominada sala azul. Es la sala de los m\u00e1s peque\u00f1os. El azul transmite frescor, pureza y produce un efecto calmante y tranquilizador, muy \u00fatil especialmente en los primeros meses &#8230;<\/p>\n","protected":false},"author":1,"featured_media":0,"parent":0,"menu_order":0,"comment_status":"closed","ping_status":"closed","template":"","meta":{"footnotes":""},"class_list":["post-74","page","type-page","status-publish","hentry"],"_links":{"self":[{"href":"https:\/\/guardeduendesyhadas.com\/index.php?rest_route=\/wp\/v2\/pages\/74"}],"collection":[{"href":"https:\/\/guardeduendesyhadas.com\/index.php?rest_route=\/wp\/v2\/pages"}],"about":[{"href":"https:\/\/guardeduendesyhadas.com\/index.php?rest_route=\/wp\/v2\/types\/page"}],"author":[{"embeddable":true,"href":"https:\/\/guardeduendesyhadas.com\/index.php?rest_route=\/wp\/v2\/users\/1"}],"replies":[{"embeddable":true,"href":"https:\/\/guardeduendesyhadas.com\/index.php?rest_route=%2Fwp%2Fv2%2Fcomments&post=74"}],"version-history":[{"count":4,"href":"https:\/\/guardeduendesyhadas.com\/index.php?rest_route=\/wp\/v2\/pages\/74\/revisions"}],"predecessor-version":[{"id":527,"href":"https:\/\/guardeduendesyhadas.com\/index.php?rest_route=\/wp\/v2\/pages\/74\/revisions\/527"}],"wp:attachment":[{"href":"https:\/\/guardeduendesyhadas.com\/index.php?rest_route=%2Fwp%2Fv2%2Fmedia&parent=74"}],"curies":[{"name":"wp","href":"https:\/\/api.w.org\/{rel}","templated":true}]}}