{"id":672,"date":"2019-04-23T09:51:12","date_gmt":"2019-04-23T09:51:12","guid":{"rendered":"http:\/\/guardeduendesyhadas.com\/?page_id=672"},"modified":"2024-06-26T20:09:17","modified_gmt":"2024-06-26T18:09:17","slug":"maria-del-carmen-alvarez-suarez","status":"publish","type":"page","link":"https:\/\/guardeduendesyhadas.com\/?page_id=672","title":{"rendered":"Celia Hern\u00e1ndez Correa"},"content":{"rendered":"\n<p>Espont\u00e1nea, alegre y siempre dispuesta a ayudar cuando se le necesita. <\/p>\n\n\n\n<p>Conecta con los peques con una facilidad pasmosa y consigue captar su atenci\u00f3n desde el primer momento, fomentando as\u00ed una perfecta armon\u00eda en aula que facilita el aprendizaje de los alumnos. <\/p>\n\n\n\n<figure class=\"wp-block-image size-large\"><img loading=\"lazy\" decoding=\"async\" width=\"991\" height=\"1024\" src=\"https:\/\/guardeduendesyhadas.com\/wp-content\/uploads\/2024\/06\/Celia-991x1024.jpg\" alt=\"\" class=\"wp-image-767\" srcset=\"https:\/\/guardeduendesyhadas.com\/wp-content\/uploads\/2024\/06\/Celia-991x1024.jpg 991w, https:\/\/guardeduendesyhadas.com\/wp-content\/uploads\/2024\/06\/Celia-290x300.jpg 290w, https:\/\/guardeduendesyhadas.com\/wp-content\/uploads\/2024\/06\/Celia-768x793.jpg 768w, https:\/\/guardeduendesyhadas.com\/wp-content\/uploads\/2024\/06\/Celia-1487x1536.jpg 1487w, https:\/\/guardeduendesyhadas.com\/wp-content\/uploads\/2024\/06\/Celia.jpg 1549w\" sizes=\"(max-width: 991px) 100vw, 991px\" \/><\/figure>\n","protected":false},"excerpt":{"rendered":"<p>Espont\u00e1nea, alegre y siempre dispuesta a ayudar cuando se le necesita. Conecta con los peques con una facilidad pasmosa y consigue captar su atenci\u00f3n desde el primer momento, fomentando as\u00ed &#8230;<\/p>\n","protected":false},"author":3,"featured_media":0,"parent":0,"menu_order":0,"comment_status":"closed","ping_status":"closed","template":"","meta":{"footnotes":""},"class_list":["post-672","page","type-page","status-publish","hentry"],"_links":{"self":[{"href":"https:\/\/guardeduendesyhadas.com\/index.php?rest_route=\/wp\/v2\/pages\/672"}],"collection":[{"href":"https:\/\/guardeduendesyhadas.com\/index.php?rest_route=\/wp\/v2\/pages"}],"about":[{"href":"https:\/\/guardeduendesyhadas.com\/index.php?rest_route=\/wp\/v2\/types\/page"}],"author":[{"embeddable":true,"href":"https:\/\/guardeduendesyhadas.com\/index.php?rest_route=\/wp\/v2\/users\/3"}],"replies":[{"embeddable":true,"href":"https:\/\/guardeduendesyhadas.com\/index.php?rest_route=%2Fwp%2Fv2%2Fcomments&post=672"}],"version-history":[{"count":4,"href":"https:\/\/guardeduendesyhadas.com\/index.php?rest_route=\/wp\/v2\/pages\/672\/revisions"}],"predecessor-version":[{"id":770,"href":"https:\/\/guardeduendesyhadas.com\/index.php?rest_route=\/wp\/v2\/pages\/672\/revisions\/770"}],"wp:attachment":[{"href":"https:\/\/guardeduendesyhadas.com\/index.php?rest_route=%2Fwp%2Fv2%2Fmedia&parent=672"}],"curies":[{"name":"wp","href":"https:\/\/api.w.org\/{rel}","templated":true}]}}