{"id":669,"date":"2019-04-23T09:42:11","date_gmt":"2019-04-23T09:42:11","guid":{"rendered":"http:\/\/guardeduendesyhadas.com\/?page_id=669"},"modified":"2024-06-26T20:17:11","modified_gmt":"2024-06-26T18:17:11","slug":"monica-moya-vazquez","status":"publish","type":"page","link":"https:\/\/guardeduendesyhadas.com\/?page_id=669","title":{"rendered":"Alba S\u00e1nchez Garc\u00eda"},"content":{"rendered":"\n<p>Titulada con el Grado de Educaci\u00f3n Infantil (especializada en atenci\u00f3n temprana), ejerce de maestra en el equipo DyH con una habilidad destacable para el desarrollo de los objetivos pedag\u00f3gicos del curso.<\/p>\n\n\n\n<p>A trav\u00e9s de su simpat\u00eda consigue la atenci\u00f3n de los alumnos y facilita la adquisici\u00f3n de las competencias y habilidades marcadas como objetivo.<\/p>\n\n\n\n<figure class=\"wp-block-image size-large\"><img loading=\"lazy\" decoding=\"async\" width=\"768\" height=\"1024\" src=\"https:\/\/guardeduendesyhadas.com\/wp-content\/uploads\/2024\/06\/Alba-768x1024.jpg\" alt=\"\" class=\"wp-image-766\" srcset=\"https:\/\/guardeduendesyhadas.com\/wp-content\/uploads\/2024\/06\/Alba-768x1024.jpg 768w, https:\/\/guardeduendesyhadas.com\/wp-content\/uploads\/2024\/06\/Alba-225x300.jpg 225w, https:\/\/guardeduendesyhadas.com\/wp-content\/uploads\/2024\/06\/Alba-1152x1536.jpg 1152w, https:\/\/guardeduendesyhadas.com\/wp-content\/uploads\/2024\/06\/Alba.jpg 1200w\" sizes=\"(max-width: 768px) 100vw, 768px\" \/><\/figure>\n","protected":false},"excerpt":{"rendered":"<p>Titulada con el Grado de Educaci\u00f3n Infantil (especializada en atenci\u00f3n temprana), ejerce de maestra en el equipo DyH con una habilidad destacable para el desarrollo de los objetivos pedag\u00f3gicos del &#8230;<\/p>\n","protected":false},"author":3,"featured_media":0,"parent":0,"menu_order":0,"comment_status":"closed","ping_status":"closed","template":"","meta":{"footnotes":""},"class_list":["post-669","page","type-page","status-publish","hentry"],"_links":{"self":[{"href":"https:\/\/guardeduendesyhadas.com\/index.php?rest_route=\/wp\/v2\/pages\/669"}],"collection":[{"href":"https:\/\/guardeduendesyhadas.com\/index.php?rest_route=\/wp\/v2\/pages"}],"about":[{"href":"https:\/\/guardeduendesyhadas.com\/index.php?rest_route=\/wp\/v2\/types\/page"}],"author":[{"embeddable":true,"href":"https:\/\/guardeduendesyhadas.com\/index.php?rest_route=\/wp\/v2\/users\/3"}],"replies":[{"embeddable":true,"href":"https:\/\/guardeduendesyhadas.com\/index.php?rest_route=%2Fwp%2Fv2%2Fcomments&post=669"}],"version-history":[{"count":4,"href":"https:\/\/guardeduendesyhadas.com\/index.php?rest_route=\/wp\/v2\/pages\/669\/revisions"}],"predecessor-version":[{"id":773,"href":"https:\/\/guardeduendesyhadas.com\/index.php?rest_route=\/wp\/v2\/pages\/669\/revisions\/773"}],"wp:attachment":[{"href":"https:\/\/guardeduendesyhadas.com\/index.php?rest_route=%2Fwp%2Fv2%2Fmedia&parent=669"}],"curies":[{"name":"wp","href":"https:\/\/api.w.org\/{rel}","templated":true}]}}