{"id":60,"date":"2019-02-11T08:39:56","date_gmt":"2019-02-11T08:39:56","guid":{"rendered":"http:\/\/guardeduendesyhadas.com\/?page_id=60"},"modified":"2019-02-21T20:05:04","modified_gmt":"2019-02-21T20:05:04","slug":"comedor","status":"publish","type":"page","link":"https:\/\/guardeduendesyhadas.com\/?page_id=60","title":{"rendered":"Comedor"},"content":{"rendered":"\n<p>Disponemos de servicio de catering con men\u00fas variados, dise\u00f1ados\ny avalados por nutricionistas infantiles. El men\u00fa se pone a disposici\u00f3n de las\nfamilias de manera mensual para as\u00ed poder organizar las cenas y llevar un nivel\nde alimentaci\u00f3n adecuado a la edad.<\/p>\n\n\n\n<p>El momento de la comida se aprovecha adem\u00e1s para potenciar\nh\u00e1bitos ligados a la alimentaci\u00f3n y fomentar su autonom\u00eda, por medio de una\nserie de pautas como:<\/p>\n\n\n\n<p>\u00b7 Animarle a comer solo\/a<\/p>\n\n\n\n<p>\u00b7 Utilizar los \u00fatiles de forma adecuada<\/p>\n\n\n\n<p>\u00b7 Lavarse los dientes despu\u00e9s de las comidas<\/p>\n\n\n\n<p>\u00b7 Permanecer sentado\/a a la mesa hasta haber acabado, etc.<\/p>\n\n\n\n<div class=\"wp-block-image\"><figure class=\"aligncenter\"><img loading=\"lazy\" decoding=\"async\" width=\"503\" height=\"239\" src=\"https:\/\/guardeduendesyhadas.com\/wp-content\/uploads\/2019\/02\/dibujo-comedor.jpg\" alt=\"\" class=\"wp-image-522\" srcset=\"https:\/\/guardeduendesyhadas.com\/wp-content\/uploads\/2019\/02\/dibujo-comedor.jpg 503w, https:\/\/guardeduendesyhadas.com\/wp-content\/uploads\/2019\/02\/dibujo-comedor-300x143.jpg 300w\" sizes=\"(max-width: 503px) 100vw, 503px\" \/><\/figure><\/div>\n","protected":false},"excerpt":{"rendered":"<p>Disponemos de servicio de catering con men\u00fas variados, dise\u00f1ados y avalados por nutricionistas infantiles. El men\u00fa se pone a disposici\u00f3n de las familias de manera mensual para as\u00ed poder organizar &#8230;<\/p>\n","protected":false},"author":1,"featured_media":0,"parent":0,"menu_order":0,"comment_status":"closed","ping_status":"closed","template":"","meta":{"footnotes":""},"class_list":["post-60","page","type-page","status-publish","hentry"],"_links":{"self":[{"href":"https:\/\/guardeduendesyhadas.com\/index.php?rest_route=\/wp\/v2\/pages\/60"}],"collection":[{"href":"https:\/\/guardeduendesyhadas.com\/index.php?rest_route=\/wp\/v2\/pages"}],"about":[{"href":"https:\/\/guardeduendesyhadas.com\/index.php?rest_route=\/wp\/v2\/types\/page"}],"author":[{"embeddable":true,"href":"https:\/\/guardeduendesyhadas.com\/index.php?rest_route=\/wp\/v2\/users\/1"}],"replies":[{"embeddable":true,"href":"https:\/\/guardeduendesyhadas.com\/index.php?rest_route=%2Fwp%2Fv2%2Fcomments&post=60"}],"version-history":[{"count":4,"href":"https:\/\/guardeduendesyhadas.com\/index.php?rest_route=\/wp\/v2\/pages\/60\/revisions"}],"predecessor-version":[{"id":525,"href":"https:\/\/guardeduendesyhadas.com\/index.php?rest_route=\/wp\/v2\/pages\/60\/revisions\/525"}],"wp:attachment":[{"href":"https:\/\/guardeduendesyhadas.com\/index.php?rest_route=%2Fwp%2Fv2%2Fmedia&parent=60"}],"curies":[{"name":"wp","href":"https:\/\/api.w.org\/{rel}","templated":true}]}}