{"id":6,"date":"2019-01-31T11:34:49","date_gmt":"2019-01-31T11:34:49","guid":{"rendered":"http:\/\/guardeduendesyhadas.com\/?page_id=6"},"modified":"2019-02-20T09:19:32","modified_gmt":"2019-02-20T09:19:32","slug":"inicio","status":"publish","type":"page","link":"https:\/\/guardeduendesyhadas.com\/","title":{"rendered":"Inicio"},"content":{"rendered":"\n<p><strong>El Centro\nde Educaci\u00f3n Infantil Duendes y Hadas<\/strong>&nbsp;se\ndedica a educar a ni\u00f1os y ni\u00f1as de 0 a 3 a\u00f1os en un ambiente adecuado para su\nedad y en el que aprenden todo los h\u00e1bitos &nbsp; b\u00e1sicos&nbsp;imprescindibles\nen estos primeros a\u00f1os de vida. El centro apuesta por la estimulaci\u00f3n temprana\ny por reforzar su autoestima mediante el juego y mediante las diferentes\nactividades que se organizan a lo largo del a\u00f1o escolar.<\/p>\n\n\n\n<p><\/p>\n","protected":false},"excerpt":{"rendered":"<p>El Centro de Educaci\u00f3n Infantil Duendes y Hadas&nbsp;se dedica a educar a ni\u00f1os y ni\u00f1as de 0 a 3 a\u00f1os en un ambiente adecuado para su edad y en el &#8230;<\/p>\n","protected":false},"author":1,"featured_media":0,"parent":0,"menu_order":0,"comment_status":"closed","ping_status":"closed","template":"template-frontpage.php","meta":{"footnotes":""},"class_list":["post-6","page","type-page","status-publish","hentry"],"_links":{"self":[{"href":"https:\/\/guardeduendesyhadas.com\/index.php?rest_route=\/wp\/v2\/pages\/6"}],"collection":[{"href":"https:\/\/guardeduendesyhadas.com\/index.php?rest_route=\/wp\/v2\/pages"}],"about":[{"href":"https:\/\/guardeduendesyhadas.com\/index.php?rest_route=\/wp\/v2\/types\/page"}],"author":[{"embeddable":true,"href":"https:\/\/guardeduendesyhadas.com\/index.php?rest_route=\/wp\/v2\/users\/1"}],"replies":[{"embeddable":true,"href":"https:\/\/guardeduendesyhadas.com\/index.php?rest_route=%2Fwp%2Fv2%2Fcomments&post=6"}],"version-history":[{"count":4,"href":"https:\/\/guardeduendesyhadas.com\/index.php?rest_route=\/wp\/v2\/pages\/6\/revisions"}],"predecessor-version":[{"id":716,"href":"https:\/\/guardeduendesyhadas.com\/index.php?rest_route=\/wp\/v2\/pages\/6\/revisions\/716"}],"wp:attachment":[{"href":"https:\/\/guardeduendesyhadas.com\/index.php?rest_route=%2Fwp%2Fv2%2Fmedia&parent=6"}],"curies":[{"name":"wp","href":"https:\/\/api.w.org\/{rel}","templated":true}]}}