{"id":592,"date":"2019-03-04T12:10:28","date_gmt":"2019-03-04T12:10:28","guid":{"rendered":"http:\/\/guardeduendesyhadas.com\/?page_id=592"},"modified":"2019-03-04T12:13:28","modified_gmt":"2019-03-04T12:13:28","slug":"noelia-guerra-flores","status":"publish","type":"page","link":"https:\/\/guardeduendesyhadas.com\/?page_id=592","title":{"rendered":"Noelia Guerra Flores"},"content":{"rendered":"\n<p>Maestra, con dilatada experiencia en  cuidados infantiles, aprovecha su saber y su paciencia para ayudarles en el aprendizaje de las tareas cotidianas incluyendo vocabulario en ingl\u00e9s para que los m\u00e1s peque\u00f1os vayan relacionando objetos y situaciones en dos idiomas. <\/p>\n\n\n\n<p>Titulada en m\u00faltiples t\u00e9cnicas de ense\u00f1anza y aprendizaje, sigue una formaci\u00f3n continuada con el fin de ir renovando conocimientos y transmitirlo a los ni\u00f1os.<\/p>\n\n\n\n<div class=\"wp-block-image\"><figure class=\"aligncenter\"><img loading=\"lazy\" decoding=\"async\" width=\"1024\" height=\"683\" src=\"https:\/\/guardeduendesyhadas.com\/wp-content\/uploads\/2019\/03\/PHOTO-2019-02-24-18-04-27-1024x683.jpg\" alt=\"\" class=\"wp-image-597\" srcset=\"https:\/\/guardeduendesyhadas.com\/wp-content\/uploads\/2019\/03\/PHOTO-2019-02-24-18-04-27-1024x683.jpg 1024w, https:\/\/guardeduendesyhadas.com\/wp-content\/uploads\/2019\/03\/PHOTO-2019-02-24-18-04-27-300x200.jpg 300w, https:\/\/guardeduendesyhadas.com\/wp-content\/uploads\/2019\/03\/PHOTO-2019-02-24-18-04-27-768x512.jpg 768w, https:\/\/guardeduendesyhadas.com\/wp-content\/uploads\/2019\/03\/PHOTO-2019-02-24-18-04-27.jpg 1500w\" sizes=\"(max-width: 1024px) 100vw, 1024px\" \/><\/figure><\/div>\n","protected":false},"excerpt":{"rendered":"<p>Maestra, con dilatada experiencia en cuidados infantiles, aprovecha su saber y su paciencia para ayudarles en el aprendizaje de las tareas cotidianas incluyendo vocabulario en ingl\u00e9s para que los m\u00e1s &#8230;<\/p>\n","protected":false},"author":3,"featured_media":0,"parent":0,"menu_order":0,"comment_status":"closed","ping_status":"closed","template":"","meta":{"footnotes":""},"class_list":["post-592","page","type-page","status-publish","hentry"],"_links":{"self":[{"href":"https:\/\/guardeduendesyhadas.com\/index.php?rest_route=\/wp\/v2\/pages\/592"}],"collection":[{"href":"https:\/\/guardeduendesyhadas.com\/index.php?rest_route=\/wp\/v2\/pages"}],"about":[{"href":"https:\/\/guardeduendesyhadas.com\/index.php?rest_route=\/wp\/v2\/types\/page"}],"author":[{"embeddable":true,"href":"https:\/\/guardeduendesyhadas.com\/index.php?rest_route=\/wp\/v2\/users\/3"}],"replies":[{"embeddable":true,"href":"https:\/\/guardeduendesyhadas.com\/index.php?rest_route=%2Fwp%2Fv2%2Fcomments&post=592"}],"version-history":[{"count":5,"href":"https:\/\/guardeduendesyhadas.com\/index.php?rest_route=\/wp\/v2\/pages\/592\/revisions"}],"predecessor-version":[{"id":601,"href":"https:\/\/guardeduendesyhadas.com\/index.php?rest_route=\/wp\/v2\/pages\/592\/revisions\/601"}],"wp:attachment":[{"href":"https:\/\/guardeduendesyhadas.com\/index.php?rest_route=%2Fwp%2Fv2%2Fmedia&parent=592"}],"curies":[{"name":"wp","href":"https:\/\/api.w.org\/{rel}","templated":true}]}}