{"id":58,"date":"2019-02-11T08:39:37","date_gmt":"2019-02-11T08:39:37","guid":{"rendered":"http:\/\/guardeduendesyhadas.com\/?page_id=58"},"modified":"2019-12-15T19:36:21","modified_gmt":"2019-12-15T19:36:21","slug":"horarios","status":"publish","type":"page","link":"https:\/\/guardeduendesyhadas.com\/?page_id=58","title":{"rendered":"Horarios"},"content":{"rendered":"\n<p><\/p>\n\n\n\n<div class=\"wp-block-media-text alignwide\"><figure class=\"wp-block-media-text__media\"><img loading=\"lazy\" decoding=\"async\" width=\"1000\" height=\"1000\" src=\"https:\/\/guardeduendesyhadas.com\/wp-content\/uploads\/2019\/02\/reloj-dibujo-pepa-pigg.jpg\" alt=\"\" class=\"wp-image-520\" srcset=\"https:\/\/guardeduendesyhadas.com\/wp-content\/uploads\/2019\/02\/reloj-dibujo-pepa-pigg.jpg 1000w, https:\/\/guardeduendesyhadas.com\/wp-content\/uploads\/2019\/02\/reloj-dibujo-pepa-pigg-150x150.jpg 150w, https:\/\/guardeduendesyhadas.com\/wp-content\/uploads\/2019\/02\/reloj-dibujo-pepa-pigg-300x300.jpg 300w, https:\/\/guardeduendesyhadas.com\/wp-content\/uploads\/2019\/02\/reloj-dibujo-pepa-pigg-768x768.jpg 768w\" sizes=\"(max-width: 1000px) 100vw, 1000px\" \/><\/figure><div class=\"wp-block-media-text__content\">\n<p>El centro permanece abierto de 7:00 a.m a 20:00 pm de forma continua, para servicio de guarder\u00eda. Celebramos los cumplea\u00f1os de 17:00 a 20:00.<\/p>\n\n\n\n<p>Adem\u00e1s abrimos al p\u00fablico en general de 16:00 a 20:00 para disfrutar del parque de bolas. \u00a1 Inf\u00f3rmate de nuestros bonos !<\/p>\n\n\n\n<p>El centro abre todos los d\u00edas laborables del a\u00f1o (de lunes a viernes) salvo festivos nacionales y de la Comunidad Aut\u00f3noma.<\/p>\n\n\n\n<p>Ponemos a disposici\u00f3n de nuestras familias el calendario escolar a lo largo del mes de Agosto. <\/p>\n<\/div><\/div>\n","protected":false},"excerpt":{"rendered":"<p>El centro permanece abierto de 7:00 a.m a 20:00 pm de forma continua, para servicio de guarder\u00eda. Celebramos los cumplea\u00f1os de 17:00 a 20:00. Adem\u00e1s abrimos al p\u00fablico en general &#8230;<\/p>\n","protected":false},"author":1,"featured_media":0,"parent":0,"menu_order":0,"comment_status":"closed","ping_status":"closed","template":"","meta":{"footnotes":""},"class_list":["post-58","page","type-page","status-publish","hentry"],"_links":{"self":[{"href":"https:\/\/guardeduendesyhadas.com\/index.php?rest_route=\/wp\/v2\/pages\/58"}],"collection":[{"href":"https:\/\/guardeduendesyhadas.com\/index.php?rest_route=\/wp\/v2\/pages"}],"about":[{"href":"https:\/\/guardeduendesyhadas.com\/index.php?rest_route=\/wp\/v2\/types\/page"}],"author":[{"embeddable":true,"href":"https:\/\/guardeduendesyhadas.com\/index.php?rest_route=\/wp\/v2\/users\/1"}],"replies":[{"embeddable":true,"href":"https:\/\/guardeduendesyhadas.com\/index.php?rest_route=%2Fwp%2Fv2%2Fcomments&post=58"}],"version-history":[{"count":4,"href":"https:\/\/guardeduendesyhadas.com\/index.php?rest_route=\/wp\/v2\/pages\/58\/revisions"}],"predecessor-version":[{"id":721,"href":"https:\/\/guardeduendesyhadas.com\/index.php?rest_route=\/wp\/v2\/pages\/58\/revisions\/721"}],"wp:attachment":[{"href":"https:\/\/guardeduendesyhadas.com\/index.php?rest_route=%2Fwp%2Fv2%2Fmedia&parent=58"}],"curies":[{"name":"wp","href":"https:\/\/api.w.org\/{rel}","templated":true}]}}