{"id":50,"date":"2019-02-11T08:34:40","date_gmt":"2019-02-11T08:34:40","guid":{"rendered":"http:\/\/guardeduendesyhadas.com\/?page_id=50"},"modified":"2019-02-20T19:21:38","modified_gmt":"2019-02-20T19:21:38","slug":"objetivos","status":"publish","type":"page","link":"https:\/\/guardeduendesyhadas.com\/?page_id=50","title":{"rendered":"Objetivos"},"content":{"rendered":"\n<p>El primer ciclo de educaci\u00f3n infantil deber\u00eda\ntener un car\u00e1cter fundamentalmente educativo.<\/p>\n\n\n\n<p>Aunque, hoy por hoy, se observan par\u00e1metros\nindicadores de lo contrario y la educaci\u00f3n de 0 a 3 a\u00f1os sigue teniendo un\ncar\u00e1cter eminentemente asistencial.<\/p>\n\n\n\n<p>Nuestros objetivos son los siguientes:<\/p>\n\n\n\n<ul class=\"wp-block-list\"><li>Conocer su propio cuerpo y el de los otros, sus posibilidades de acci\u00f3n y aprender a respetar las diferencias.<\/li><\/ul>\n\n\n\n<ul class=\"wp-block-list\"><li>Motivar. El aprendizaje se produce cuando existe una motivaci\u00f3n por aprender, por lo que para nosotros es fundamental despertar en los ni\u00f1os el inter\u00e9s a trav\u00e9s de actividades, juegos, etc.<\/li><\/ul>\n\n\n\n<ul class=\"wp-block-list\"><li>Construir\nuna imagen positiva y ajustada de s\u00ed mismo, y desarrollar sus capacidades\nafectivas.<\/li><\/ul>\n\n\n\n<ul class=\"wp-block-list\"><li>Adquirir\nprogresivamente autonom\u00eda en sus actividades habituales.<\/li><\/ul>\n\n\n\n<ul class=\"wp-block-list\"><li>Observar y explorar su entorno familiar, natural y social. Socializan. El ni\u00f1o convive, aprende don los dem\u00e1s y a trav\u00e9s de los dem\u00e1s.<\/li><\/ul>\n\n\n\n<ul class=\"wp-block-list\"><li>Relacionarse\ncon los dem\u00e1s y adquirir progresivamente pautas elementales de convivencia y\nrelaci\u00f3n social, con especial atenci\u00f3n a la igualdad entre ni\u00f1as y ni\u00f1os, as\u00ed\ncomo ejercitarse en la relaci\u00f3n pac\u00edfica de los conflictos.<\/li><\/ul>\n\n\n\n<ul class=\"wp-block-list\"><li>Desarrollar\nhabilidades comunicativas en diferentes lenguajes y formas de expresi\u00f3n.<\/li><\/ul>\n\n\n\n<ul class=\"wp-block-list\"><li>Desarrollar el principio de afectividad. En esta etapa, el ni\u00f1o se encuentra en pleno desarrollo de su autoestima y afectividad, trabajamos con bajo riesgo y un alto grado de seguridad para as\u00ed, ayudarle en su desarrollo.<\/li><\/ul>\n\n\n\n<ul class=\"wp-block-list\"><li>Iniciarse\nen las habilidades l\u00f3gico- matem\u00e1ticas, en la lecto-escritura y en el\nmovimiento, el gesto y el ritmo.<\/li><\/ul>\n\n\n\n<p>Fomentamos la calidad de la ense\u00f1anza en el\nprimer ciclo de Educaci\u00f3n Infantil, ofreciendo a las familias un servicio que\nles permita conciliar vida laboral y familiar.<\/p>\n\n\n\n<p>Hacer que nuestras familias se sientan parte integrante\nde nuestro entorno y colaborar y participar con ellas en la educaci\u00f3n de sus peque\u00f1os.<\/p>\n\n\n\n<p><\/p>\n","protected":false},"excerpt":{"rendered":"<p>El primer ciclo de educaci\u00f3n infantil deber\u00eda tener un car\u00e1cter fundamentalmente educativo. Aunque, hoy por hoy, se observan par\u00e1metros indicadores de lo contrario y la educaci\u00f3n de 0 a 3 &#8230;<\/p>\n","protected":false},"author":1,"featured_media":0,"parent":0,"menu_order":0,"comment_status":"closed","ping_status":"closed","template":"","meta":{"footnotes":""},"class_list":["post-50","page","type-page","status-publish","hentry"],"_links":{"self":[{"href":"https:\/\/guardeduendesyhadas.com\/index.php?rest_route=\/wp\/v2\/pages\/50"}],"collection":[{"href":"https:\/\/guardeduendesyhadas.com\/index.php?rest_route=\/wp\/v2\/pages"}],"about":[{"href":"https:\/\/guardeduendesyhadas.com\/index.php?rest_route=\/wp\/v2\/types\/page"}],"author":[{"embeddable":true,"href":"https:\/\/guardeduendesyhadas.com\/index.php?rest_route=\/wp\/v2\/users\/1"}],"replies":[{"embeddable":true,"href":"https:\/\/guardeduendesyhadas.com\/index.php?rest_route=%2Fwp%2Fv2%2Fcomments&post=50"}],"version-history":[{"count":2,"href":"https:\/\/guardeduendesyhadas.com\/index.php?rest_route=\/wp\/v2\/pages\/50\/revisions"}],"predecessor-version":[{"id":483,"href":"https:\/\/guardeduendesyhadas.com\/index.php?rest_route=\/wp\/v2\/pages\/50\/revisions\/483"}],"wp:attachment":[{"href":"https:\/\/guardeduendesyhadas.com\/index.php?rest_route=%2Fwp%2Fv2%2Fmedia&parent=50"}],"curies":[{"name":"wp","href":"https:\/\/api.w.org\/{rel}","templated":true}]}}