{"id":48,"date":"2019-02-11T08:33:56","date_gmt":"2019-02-11T08:33:56","guid":{"rendered":"http:\/\/guardeduendesyhadas.com\/?page_id=48"},"modified":"2019-02-21T19:56:21","modified_gmt":"2019-02-21T19:56:21","slug":"proyecto-educativo","status":"publish","type":"page","link":"https:\/\/guardeduendesyhadas.com\/?page_id=48","title":{"rendered":"Proyecto educativo"},"content":{"rendered":"\n<p>El Proyecto Educativo es un documento para la\ngesti\u00f3n que enumera, define y expresa los deseos de una Comunidad Educativa\nrespecto a los principios, identidad, objetivos\u2026 que pretende la instituci\u00f3n.<\/p>\n\n\n\n<p>En Duendes y Hadas trabajamos un proyecto\neducativo realista, sencillo y coherente, con el \u00fanico fin de no dejarlo en una\nteor\u00eda y poder alcanzar TODOS los objetivos a los que aspiramos.<\/p>\n\n\n\n<p>En nuestra escuela llevamos a cabo un programa\nde estimulaci\u00f3n de todas las \u00e1reas sensoriales e inteligencias m\u00faltiples, sin\nforzar en ning\u00fan caso el sentido del curso l\u00f3gico de la maduraci\u00f3n de nuestros\npeque\u00f1os.<\/p>\n\n\n\n<p>No se trata de estimular de forma an\u00e1rquica,\ncreemos que cada paso alcanzado es el punto de partida para lograr el\nsiguiente.<\/p>\n\n\n\n<div class=\"wp-block-media-text alignwide\"><figure class=\"wp-block-media-text__media\"><img loading=\"lazy\" decoding=\"async\" width=\"647\" height=\"426\" src=\"https:\/\/guardeduendesyhadas.com\/wp-content\/uploads\/2019\/02\/2018_2019_pres_inf.jpg\" alt=\"\" class=\"wp-image-518\" srcset=\"https:\/\/guardeduendesyhadas.com\/wp-content\/uploads\/2019\/02\/2018_2019_pres_inf.jpg 647w, https:\/\/guardeduendesyhadas.com\/wp-content\/uploads\/2019\/02\/2018_2019_pres_inf-300x198.jpg 300w\" sizes=\"(max-width: 647px) 100vw, 647px\" \/><\/figure><div class=\"wp-block-media-text__content\">\n<p>Hu\u00edmos de concepciones que consideran los centros de educaci\u00f3n infantil como salas para el juego o espacios para el aparcamiento de ni\u00f1os. Creemos que los ni\u00f1os son sujetos educativos activos, en los que una adecuada formaci\u00f3n les repercutir\u00e1 profundamente en su vida adulta.<\/p>\n\n\n\n<p>La creativa comunicaci\u00f3n did\u00e1ctica de nuestras maestras y educadoras contribuye a facilitar el proceso de apropiaci\u00f3n de la lengua materna y facilitar una activa interacci\u00f3n ling\u00fc\u00edstica entre la lengua espa\u00f1ola e inglesa, creando entornos amigables, alegres y acordes a la edad de nuestros alumnos.<\/p>\n\n\n\n<p><\/p>\n<\/div><\/div>\n","protected":false},"excerpt":{"rendered":"<p>El Proyecto Educativo es un documento para la gesti\u00f3n que enumera, define y expresa los deseos de una Comunidad Educativa respecto a los principios, identidad, objetivos\u2026 que pretende la instituci\u00f3n. &#8230;<\/p>\n","protected":false},"author":1,"featured_media":0,"parent":0,"menu_order":0,"comment_status":"closed","ping_status":"closed","template":"","meta":{"footnotes":""},"class_list":["post-48","page","type-page","status-publish","hentry"],"_links":{"self":[{"href":"https:\/\/guardeduendesyhadas.com\/index.php?rest_route=\/wp\/v2\/pages\/48"}],"collection":[{"href":"https:\/\/guardeduendesyhadas.com\/index.php?rest_route=\/wp\/v2\/pages"}],"about":[{"href":"https:\/\/guardeduendesyhadas.com\/index.php?rest_route=\/wp\/v2\/types\/page"}],"author":[{"embeddable":true,"href":"https:\/\/guardeduendesyhadas.com\/index.php?rest_route=\/wp\/v2\/users\/1"}],"replies":[{"embeddable":true,"href":"https:\/\/guardeduendesyhadas.com\/index.php?rest_route=%2Fwp%2Fv2%2Fcomments&post=48"}],"version-history":[{"count":2,"href":"https:\/\/guardeduendesyhadas.com\/index.php?rest_route=\/wp\/v2\/pages\/48\/revisions"}],"predecessor-version":[{"id":519,"href":"https:\/\/guardeduendesyhadas.com\/index.php?rest_route=\/wp\/v2\/pages\/48\/revisions\/519"}],"wp:attachment":[{"href":"https:\/\/guardeduendesyhadas.com\/index.php?rest_route=%2Fwp%2Fv2%2Fmedia&parent=48"}],"curies":[{"name":"wp","href":"https:\/\/api.w.org\/{rel}","templated":true}]}}