{"id":476,"date":"2019-02-20T19:10:38","date_gmt":"2019-02-20T19:10:38","guid":{"rendered":"http:\/\/guardeduendesyhadas.com\/?page_id=476"},"modified":"2020-05-09T18:30:53","modified_gmt":"2020-05-09T16:30:53","slug":"ludoteca","status":"publish","type":"page","link":"https:\/\/guardeduendesyhadas.com\/?page_id=476","title":{"rendered":"Ludoteca"},"content":{"rendered":"\n<p>Nuestra ludoteca es un espacio donde se realiza alg\u00fan tipo de actividad para ni\u00f1os utilizando juegos y juguetes, especialmente en&nbsp;<a href=\"https:\/\/es.wikipedia.org\/wiki\/Educaci%C3%B3n_infantil\">educaci\u00f3n infantil<\/a>, con el fin de estimular el desarrollo f\u00edsico y mental y la solidaridad con otras personas.<\/p>\n\n\n\n<p> A partir de las 16:00h y hasta las 20:00.<\/p>\n\n\n\n<h3 class=\"wp-block-heading\">Entre los 3 y 6 a\u00f1os:<\/h3>\n\n\n\n<ul class=\"wp-block-list\"><li>Son capaces de realizar actividades f\u00edsicas completas.<\/li><li>Escuchar y contar cuentos.<\/li><li>Su creatividad e imaginaci\u00f3n est\u00e1n en pleno desenvolvimiento.<\/li><li>Sus movimientos son constantes, lo que hace que sean inquietas\/os, curiosas\/os y llenas\/os de energ\u00eda.&nbsp;<\/li><li>Expresi\u00f3n corporal, bailar y hacer todo tipo de ejercicio les entretiene.<\/li><li>La imaginaci\u00f3n y creatividad en actividades manuales son de su agrado y las realizan con entusiasmo.<\/li><li>Les gusta jugar con cubos, palos, madera, etc., para construir grandes torres y castillos.<\/li><li>Les agrada que se reconozcan sus esfuerzos y su entusiasmo en las tareas que realiza.<\/li><li>La imitaci\u00f3n de animales y dramatizar hace que su imaginaci\u00f3n vuele.<\/li><li>Les interesa el juego con masa, barro,&nbsp;plastilina, colores, etc\u00e9tera.<\/li><\/ul>\n\n\n\n<h3 class=\"wp-block-heading\"><\/h3>\n\n\n\n<div class=\"wp-block-media-text alignwide\" style=\"grid-template-columns:42% auto\"><figure class=\"wp-block-media-text__media\"><img decoding=\"async\" src=\"https:\/\/guardeduendesyhadas.com\/wp-content\/uploads\/2019\/02\/IMG_4509.jpg\" alt=\"\" class=\"wp-image-172\"\/><\/figure><div class=\"wp-block-media-text__content\">\n<p><strong>Las funciones de los educadores en nuestra ludoteca son:<\/strong><\/p>\n\n\n\n<p>Ofrecer a las ni\u00f1os el material l\u00fadico seg\u00fan sus gustos, habilidades y posibilidades.<\/p>\n\n\n\n<p>Promover el juego en grupo seg\u00fan la edad para estimular la cooperaci\u00f3n solidaria y de participaci\u00f3n.<\/p>\n\n\n\n<p>Favorecer la adquisici\u00f3n de pertenencia por medio del conocimiento de la historia y las tradiciones, definiendo su identidad nacional.<\/p>\n\n\n\n<p>La ocupaci\u00f3n del tiempo libre para que sea productiva.<\/p>\n\n\n\n<p>Comunicaci\u00f3n familiar en la estimulaci\u00f3n de los procesos afectivos y de relaci\u00f3n con la familia.<\/p>\n\n\n\n<p>Orientar a los padres en la adquisici\u00f3n de material l\u00fadico.<\/p>\n\n\n\n<p>Proveer material l\u00fadico para ni\u00f1os con&nbsp;<a href=\"https:\/\/es.wikipedia.org\/wiki\/Discapacidad\">discapacidad<\/a>&nbsp;, enfermedad, problemas f\u00edsico o ps\u00edquico.<\/p>\n\n\n\n<p>La relaci\u00f3n ni\u00f1o \u2013 juguete, la relaci\u00f3n ni\u00f1o \u2013 ludotecario \u2013 juguete.<\/p>\n\n\n\n<p>El desarrollo de sentimientos de amistad.<\/p>\n\n\n\n<p>El desarrollo de la comunicaci\u00f3n.<\/p>\n\n\n\n<p>El placer de jugar, la transmisi\u00f3n de experiencias; que los padres aprendan qu\u00e9 juguete proporcionar a sus hijos, la inserci\u00f3n en la sociedad.<\/p>\n\n\n\n<p>El desarrollo de habilidades para reparar y construir juguetes.<\/p>\n\n\n\n<p>La realizaci\u00f3n de fiestas, concursos, encuentros familiares, entre otros.<\/p>\n<\/div><\/div>\n\n\n\n<ul class=\"wp-block-list\"><li><\/li><\/ul>\n","protected":false},"excerpt":{"rendered":"<p>Nuestra ludoteca es un espacio donde se realiza alg\u00fan tipo de actividad para ni\u00f1os utilizando juegos y juguetes, especialmente en&nbsp;educaci\u00f3n infantil, con el fin de estimular el desarrollo f\u00edsico y &#8230;<\/p>\n","protected":false},"author":3,"featured_media":0,"parent":0,"menu_order":0,"comment_status":"closed","ping_status":"closed","template":"","meta":{"footnotes":""},"class_list":["post-476","page","type-page","status-publish","hentry"],"_links":{"self":[{"href":"https:\/\/guardeduendesyhadas.com\/index.php?rest_route=\/wp\/v2\/pages\/476"}],"collection":[{"href":"https:\/\/guardeduendesyhadas.com\/index.php?rest_route=\/wp\/v2\/pages"}],"about":[{"href":"https:\/\/guardeduendesyhadas.com\/index.php?rest_route=\/wp\/v2\/types\/page"}],"author":[{"embeddable":true,"href":"https:\/\/guardeduendesyhadas.com\/index.php?rest_route=\/wp\/v2\/users\/3"}],"replies":[{"embeddable":true,"href":"https:\/\/guardeduendesyhadas.com\/index.php?rest_route=%2Fwp%2Fv2%2Fcomments&post=476"}],"version-history":[{"count":11,"href":"https:\/\/guardeduendesyhadas.com\/index.php?rest_route=\/wp\/v2\/pages\/476\/revisions"}],"predecessor-version":[{"id":740,"href":"https:\/\/guardeduendesyhadas.com\/index.php?rest_route=\/wp\/v2\/pages\/476\/revisions\/740"}],"wp:attachment":[{"href":"https:\/\/guardeduendesyhadas.com\/index.php?rest_route=%2Fwp%2Fv2%2Fmedia&parent=476"}],"curies":[{"name":"wp","href":"https:\/\/api.w.org\/{rel}","templated":true}]}}