{"id":470,"date":"2019-02-20T18:44:23","date_gmt":"2019-02-20T18:44:23","guid":{"rendered":"http:\/\/guardeduendesyhadas.com\/?page_id=470"},"modified":"2019-12-15T19:14:10","modified_gmt":"2019-12-15T19:14:10","slug":"maria-jesus-tarrino","status":"publish","type":"page","link":"https:\/\/guardeduendesyhadas.com\/?page_id=470","title":{"rendered":"Alicia Troya Cordero"},"content":{"rendered":"\n<p>Con una habilidad innata para el trato con los ni\u00f1os, consigue despertar en ellos un fuerte sentimiento de curiosidad por el entorno que les rodea, estimulando y potenciando sus habilidades de aprendizaje.<\/p>\n\n\n\n<p>Adem\u00e1s de su formaci\u00f3n universitaria como Graduada en Educaci\u00f3n Infantil por la Universidad de Extremadura, especialidad en atenci\u00f3n temprana, posee el t\u00edtulo de T\u00e9cnico Superior de Deporte, socorrismo, primeros auxilios y es monitora de ocio y tiempo libre. <\/p>\n\n\n\n<p>Trabaja con gran confianza, transmitiendo seguridad y orientada a dar un servicio de alta calidad para los ni\u00f1os, y flexibilidad para los padres.<\/p>\n\n\n\n<figure class=\"wp-block-image size-large\"><img loading=\"lazy\" decoding=\"async\" width=\"498\" height=\"1024\" src=\"https:\/\/guardeduendesyhadas.com\/wp-content\/uploads\/2019\/12\/IMG-20191206-WA0019-PIX-498x1024.jpg\" alt=\"\" class=\"wp-image-711\" srcset=\"https:\/\/guardeduendesyhadas.com\/wp-content\/uploads\/2019\/12\/IMG-20191206-WA0019-PIX-498x1024.jpg 498w, https:\/\/guardeduendesyhadas.com\/wp-content\/uploads\/2019\/12\/IMG-20191206-WA0019-PIX-146x300.jpg 146w, https:\/\/guardeduendesyhadas.com\/wp-content\/uploads\/2019\/12\/IMG-20191206-WA0019-PIX-768x1580.jpg 768w, https:\/\/guardeduendesyhadas.com\/wp-content\/uploads\/2019\/12\/IMG-20191206-WA0019-PIX-747x1536.jpg 747w, https:\/\/guardeduendesyhadas.com\/wp-content\/uploads\/2019\/12\/IMG-20191206-WA0019-PIX.jpg 980w\" sizes=\"(max-width: 498px) 100vw, 498px\" \/><\/figure>\n","protected":false},"excerpt":{"rendered":"<p>Con una habilidad innata para el trato con los ni\u00f1os, consigue despertar en ellos un fuerte sentimiento de curiosidad por el entorno que les rodea, estimulando y potenciando sus habilidades &#8230;<\/p>\n","protected":false},"author":3,"featured_media":0,"parent":0,"menu_order":0,"comment_status":"closed","ping_status":"closed","template":"","meta":{"footnotes":""},"class_list":["post-470","page","type-page","status-publish","hentry"],"_links":{"self":[{"href":"https:\/\/guardeduendesyhadas.com\/index.php?rest_route=\/wp\/v2\/pages\/470"}],"collection":[{"href":"https:\/\/guardeduendesyhadas.com\/index.php?rest_route=\/wp\/v2\/pages"}],"about":[{"href":"https:\/\/guardeduendesyhadas.com\/index.php?rest_route=\/wp\/v2\/types\/page"}],"author":[{"embeddable":true,"href":"https:\/\/guardeduendesyhadas.com\/index.php?rest_route=\/wp\/v2\/users\/3"}],"replies":[{"embeddable":true,"href":"https:\/\/guardeduendesyhadas.com\/index.php?rest_route=%2Fwp%2Fv2%2Fcomments&post=470"}],"version-history":[{"count":6,"href":"https:\/\/guardeduendesyhadas.com\/index.php?rest_route=\/wp\/v2\/pages\/470\/revisions"}],"predecessor-version":[{"id":715,"href":"https:\/\/guardeduendesyhadas.com\/index.php?rest_route=\/wp\/v2\/pages\/470\/revisions\/715"}],"wp:attachment":[{"href":"https:\/\/guardeduendesyhadas.com\/index.php?rest_route=%2Fwp%2Fv2%2Fmedia&parent=470"}],"curies":[{"name":"wp","href":"https:\/\/api.w.org\/{rel}","templated":true}]}}